{"id":994,"date":"2025-01-14T15:32:54","date_gmt":"2025-01-14T14:32:54","guid":{"rendered":"https:\/\/stoll-freres.ch\/?page_id=994"},"modified":"2025-11-25T14:31:39","modified_gmt":"2025-11-25T13:31:39","slug":"njoftimet-ligjore-dhe-konfidencialiteti","status":"publish","type":"page","link":"https:\/\/stoll-freres.ch\/sq\/mentions-legales-et-confidentialite\/","title":{"rendered":"Njoftimet ligjore dhe konfidencialiteti"},"content":{"rendered":"<div data-elementor-type=\"wp-page\" data-elementor-id=\"994\" class=\"elementor elementor-994\" data-elementor-post-type=\"page\">\n\t\t\t\t\t\t<section class=\"elementor-section elementor-top-section elementor-element elementor-element-9ae861d elementor-section-height-min-height elementor-section-items-bottom elementor-section-boxed elementor-section-height-default\" data-id=\"9ae861d\" data-element_type=\"section\" data-e-type=\"section\" data-settings=\"{&quot;background_background&quot;:&quot;classic&quot;}\">\n\t\t\t\t\t\t<div class=\"elementor-container elementor-column-gap-default\">\n\t\t\t\t\t<div class=\"elementor-column elementor-col-100 elementor-top-column elementor-element elementor-element-f2ebb22\" data-id=\"f2ebb22\" data-element_type=\"column\" data-e-type=\"column\">\n\t\t\t<div class=\"elementor-widget-wrap elementor-element-populated\">\n\t\t\t\t\t\t<div class=\"elementor-element elementor-element-0a34558 elementor-widget elementor-widget-heading\" data-id=\"0a34558\" data-element_type=\"widget\" data-e-type=\"widget\" data-widget_type=\"heading.default\">\n\t\t\t\t<div class=\"elementor-widget-container\">\n\t\t\t\t\t<h1 class=\"elementor-heading-title elementor-size-default\">Konfidencialiteti<\/h1>\t\t\t\t<\/div>\n\t\t\t\t<\/div>\n\t\t\t\t<div class=\"elementor-element elementor-element-4bf6898 elementor-widget elementor-widget-heading\" data-id=\"4bf6898\" data-element_type=\"widget\" data-e-type=\"widget\" data-widget_type=\"heading.default\">\n\t\t\t\t<div class=\"elementor-widget-container\">\n\t\t\t\t\t<h2 class=\"elementor-heading-title elementor-size-default\">Njoftimet ligjore dhe konfidencialiteti<\/h2>\t\t\t\t<\/div>\n\t\t\t\t<\/div>\n\t\t\t\t<div class=\"elementor-element elementor-element-0cc06c2 elementor-widget__width-initial elementor-widget elementor-widget-heading\" data-id=\"0cc06c2\" data-element_type=\"widget\" data-e-type=\"widget\" data-widget_type=\"heading.default\">\n\t\t\t\t<div class=\"elementor-widget-container\">\n\t\t\t\t\t<h2 class=\"elementor-heading-title elementor-size-default\">STOLL Fr\u00e8res SA<\/h2>\t\t\t\t<\/div>\n\t\t\t\t<\/div>\n\t\t\t\t<div class=\"elementor-element elementor-element-d8ec185 elementor-widget elementor-widget-spacer\" data-id=\"d8ec185\" data-element_type=\"widget\" data-e-type=\"widget\" data-widget_type=\"spacer.default\">\n\t\t\t\t<div class=\"elementor-widget-container\">\n\t\t\t\t\t\t\t<div class=\"elementor-spacer\">\n\t\t\t<div class=\"elementor-spacer-inner\"><\/div>\n\t\t<\/div>\n\t\t\t\t\t\t<\/div>\n\t\t\t\t<\/div>\n\t\t\t\t\t<\/div>\n\t\t<\/div>\n\t\t\t\t\t<\/div>\n\t\t<\/section>\n\t\t\t\t<section class=\"elementor-section elementor-top-section elementor-element elementor-element-9c0ef15 elementor-section-full_width elementor-section-height-default elementor-section-height-default\" data-id=\"9c0ef15\" data-element_type=\"section\" data-e-type=\"section\">\n\t\t\t\t\t\t<div class=\"elementor-container elementor-column-gap-default\">\n\t\t\t\t\t<div class=\"elementor-column elementor-col-100 elementor-top-column elementor-element elementor-element-703e515\" data-id=\"703e515\" data-element_type=\"column\" data-e-type=\"column\">\n\t\t\t<div class=\"elementor-widget-wrap elementor-element-populated\">\n\t\t\t\t\t\t<div class=\"elementor-element elementor-element-f3bbc79 elementor-widget-divider--view-line elementor-widget elementor-widget-divider\" data-id=\"f3bbc79\" data-element_type=\"widget\" data-e-type=\"widget\" data-widget_type=\"divider.default\">\n\t\t\t\t<div class=\"elementor-widget-container\">\n\t\t\t\t\t\t\t<div class=\"elementor-divider\">\n\t\t\t<span class=\"elementor-divider-separator\">\n\t\t\t\t\t\t<\/span>\n\t\t<\/div>\n\t\t\t\t\t\t<\/div>\n\t\t\t\t<\/div>\n\t\t\t\t\t<\/div>\n\t\t<\/div>\n\t\t\t\t\t<\/div>\n\t\t<\/section>\n\t\t\t\t<section class=\"elementor-section elementor-top-section elementor-element elementor-element-826bd05 confidentialite elementor-section-boxed elementor-section-height-default elementor-section-height-default\" data-id=\"826bd05\" data-element_type=\"section\" data-e-type=\"section\">\n\t\t\t\t\t\t<div class=\"elementor-container elementor-column-gap-default\">\n\t\t\t\t\t<div class=\"elementor-column elementor-col-100 elementor-top-column elementor-element elementor-element-f099545\" data-id=\"f099545\" data-element_type=\"column\" data-e-type=\"column\">\n\t\t\t<div class=\"elementor-widget-wrap elementor-element-populated\">\n\t\t\t\t\t\t<div class=\"elementor-element elementor-element-dbadf82 elementor-widget elementor-widget-text-editor\" data-id=\"dbadf82\" data-element_type=\"widget\" data-e-type=\"widget\" data-widget_type=\"text-editor.default\">\n\t\t\t\t<div class=\"elementor-widget-container\">\n\t\t\t\t\t\t\t\t\t<h2>Politika e privat\u00ebsis\u00eb<\/h2><p>Kjo politik\u00eb e privat\u00ebsis\u00eb ka t\u00eb b\u00ebj\u00eb me faqen e internetit stoll-freres.ch.<\/p><p>Mbrojtja e t\u00eb dh\u00ebnave \u00ebsht\u00eb \u00e7\u00ebshtje besimi dhe besimi juaj \u00ebsht\u00eb i r\u00ebnd\u00ebsish\u00ebm p\u00ebr ne. Ne e respektojm\u00eb privat\u00ebsin\u00eb tuaj dhe p\u00ebrpiqemi t\u00eb respektojm\u00eb rregulloret n\u00eb fuqi p\u00ebr mbrojtjen e t\u00eb dh\u00ebnave. N\u00eb disa pika m\u00eb posht\u00eb, ne shpjegojm\u00eb se \u00e7far\u00eb t\u00eb dh\u00ebnash mbledhim, si i b\u00ebjm\u00eb dhe pse.<\/p><h4>Mbrojtja e t\u00eb dh\u00ebnave<\/h4><p>STOLL Fr\u00e8res SA respekton t\u00eb drejtat tuaja n\u00eb lidhje me mbrojtjen e t\u00eb dh\u00ebnave personale t\u00eb p\u00ebrcaktuara n\u00eb legjislacionin zviceran p\u00ebr mbrojtjen e t\u00eb dh\u00ebnave. \u00c7do e dh\u00ebn\u00eb personale q\u00eb mund t\u00eb na komunikoni gjat\u00eb vizit\u00ebs tuaj n\u00eb faqen ton\u00eb t\u00eb internetit (p.sh. adresa juaj IP, adresa postare ose e-mail) p\u00ebrdoret vet\u00ebm n\u00eb kuadrin e marr\u00ebdh\u00ebnies me klientin q\u00eb ne mbajm\u00eb me ju dhe p\u00ebr ofrimin e sh\u00ebrbimeve specifike q\u00eb ju keni k\u00ebrkuar nga ne. K\u00ebto t\u00eb dh\u00ebna p\u00ebrpunohen dhe p\u00ebrdoren nga STOLL Fr\u00e8res SA n\u00eb p\u00ebrputhje me Ligjin Federal p\u00ebr Mbrojtjen e t\u00eb Dh\u00ebnave Personale (nLPD).<\/p><h4>Format<\/h4><p>Kur regjistroheni ose regjistroheni n\u00eb faqen ton\u00eb t\u00eb internetit stoll-fr\u00e8res.ch, p\u00ebr nj\u00eb nga sh\u00ebrbimet tona ose kur k\u00ebrkoni t\u00eb merrni buletinin ton\u00eb ose informacione t\u00eb tjera, do t&#039;ju k\u00ebrkohet t\u00eb na jepni nj\u00eb sasi t\u00eb caktuar informacioni, si p.sh. detajet e kontaktit tuaj personal, informacionin e faturimit ose informacionin tuaj t\u00eb identifikimit. Ju gjithashtu mund t\u00eb futni lirisht t\u00eb dh\u00ebna shtes\u00eb. Kur na kontaktoni, me post\u00eb, email ose telefon, ju gjithashtu mund t\u00eb ndani t\u00eb dh\u00ebnat tuaja personale. Ky informacion \u00ebsht\u00eb subjekt i vendimit tuaj falas dhe p\u00ebrdoret p\u00ebr d\u00ebrgimin postar ose elektronik t\u00eb informacionit q\u00eb ju keni k\u00ebrkuar nga ne, si dhe p\u00ebr krijimin dhe zhvillimin e marr\u00ebdh\u00ebnieve t\u00eb biznesit dhe sh\u00ebrbimit ndaj klientit.<\/p><p>Duke futur t\u00eb dh\u00ebnat tuaja personale, ju jepni p\u00eblqimin tuaj p\u00ebr mbledhjen, p\u00ebrpunimin dhe p\u00ebrdorimin e informacionit t\u00eb till\u00eb nga STOLL Fr\u00e8res SA si\u00e7 shpjegohet m\u00eb sip\u00ebr.<\/p><p>Ju mund t\u00eb t\u00ebrhiqni p\u00eblqimin tuaj p\u00ebr mbledhjen, p\u00ebrpunimin dhe p\u00ebrdorimin e t\u00eb dh\u00ebnave tuaja personale n\u00eb \u00e7do koh\u00eb duke d\u00ebrguar nj\u00eb let\u00ebr joformale tek <a href=\"mailto:info@stoll-freres.ch\" target=\"_blank\" rel=\"noopener\">info@stoll-freres.ch<\/a>. N\u00eb k\u00ebt\u00eb rast, t\u00eb dh\u00ebnat tuaja do t\u00eb fshihen.<\/p><p>T\u00eb dh\u00ebnat personale nuk do t&#039;u transmetohen pal\u00ebve t\u00eb treta nga STOLL Fr\u00e8res SA, p\u00ebrve\u00e7 n\u00ebse kjo komunikohet shprehimisht dhe ju keni dh\u00ebn\u00eb p\u00eblqimin tuaj.<\/p><h4>Biskota<\/h4><p>Kur vizitoni faqen ton\u00eb t\u00eb internetit, ne instalojm\u00eb &quot;cookies&quot;, d.m.th. skedar\u00eb t\u00eb ruajtur n\u00eb kompjuterin tuaj p\u00ebr t\u00eb na mund\u00ebsuar t\u00eb analizojm\u00eb p\u00ebrdorimin tuaj t\u00eb faqes son\u00eb dhe ta b\u00ebjm\u00eb shfletimin tuaj m\u00eb t\u00eb k\u00ebndsh\u00ebm. Asnj\u00eb nga k\u00ebto cookie nuk p\u00ebrmban t\u00eb dh\u00ebna personale q\u00eb mund t&#039;ju identifikojn\u00eb. Ju mund t\u00eb refuzoni cookies ose t\u00eb personalizoni preferencat tuaja kur vizitoni faqen ton\u00eb p\u00ebr her\u00eb t\u00eb par\u00eb; Megjithat\u00eb, d\u00ebshirojm\u00eb t\u00eb theksojm\u00eb se n\u00eb k\u00ebt\u00eb rast mund t\u00eb mos jeni n\u00eb gjendje t\u00eb p\u00ebrdorni t\u00eb gjitha funksionet e faqes n\u00eb internet n\u00eb t\u00ebr\u00ebsi.<\/p>\t\t\t\t\t\t\t\t<\/div>\n\t\t\t\t<\/div>\n\t\t\t\t<div class=\"elementor-element elementor-element-d1c44b2 puces elementor-widget elementor-widget-text-editor\" data-id=\"d1c44b2\" data-element_type=\"widget\" data-e-type=\"widget\" data-widget_type=\"text-editor.default\">\n\t\t\t\t<div class=\"elementor-widget-container\">\n\t\t\t\t\t\t\t\t\t<h2>Sh\u00ebrbimet e pal\u00ebve t\u00eb treta<\/h2><h4>Pritja e faqes n\u00eb internet<\/h4><p>Ofruesi yn\u00eb i pritjes \u00ebsht\u00eb kompania Infomaniak Network SA n\u00eb Zvic\u00ebr.<\/p><h4>Analiza<\/h4><p>Faqja jon\u00eb p\u00ebrdor Google Analytics. Ky sistem na lejon t\u00eb krijojm\u00eb analiza t\u00eb ndryshme t\u00eb trafikut dhe p\u00ebrdorimit t\u00eb faqes son\u00eb t\u00eb internetit.<\/p><p>Informacioni i mbledhur p\u00ebrfshin adres\u00ebn tuaj IP, konfigurimin tuaj (pajisja, shfletuesi, rezolucioni, etj.), ofruesi juaj i aksesit, faqja e konsultuar, faqja e m\u00ebparshme si dhe nd\u00ebrveprimet e ndryshme me faqen ton\u00eb (koha e konsultimit, klikimet, formular\u00ebt e plot\u00ebsuar, etj.).<\/p><p>Ne i p\u00ebrdorim k\u00ebto t\u00eb dh\u00ebna n\u00eb m\u00ebnyr\u00eb anonime (anonimizim i adresave IP) p\u00ebr t\u00eb p\u00ebrmir\u00ebsuar sh\u00ebrbimet dhe ofertat tona, por edhe p\u00ebr t\u00eb personalizuar p\u00ebrmbajtjen e faqes son\u00eb.<\/p><p>Ofruesi yn\u00eb i sh\u00ebrbimit \u00ebsht\u00eb kompania amerikane Google LLC. Kompania irlandeze Google Ireland Limited \u00ebsht\u00eb p\u00ebrgjegj\u00ebse p\u00ebr p\u00ebrdoruesit n\u00eb Zon\u00ebn Ekonomike Evropiane (ZEE) dhe Zvic\u00ebr.<\/p><h4>Harta e Google<\/h4><p>Ne p\u00ebrdorim sh\u00ebrbimin Google Maps p\u00ebr t\u00eb qen\u00eb n\u00eb gjendje t\u00eb integrojm\u00eb hartat n\u00eb faqen ton\u00eb t\u00eb internetit. Google Maps \u00ebsht\u00eb nj\u00eb sh\u00ebrbim i ofruar nga kompania amerikane Google LLC. Kompania irlandeze Google Ireland Limited \u00ebsht\u00eb p\u00ebrgjegj\u00ebse p\u00ebr p\u00ebrdoruesit n\u00eb Zon\u00ebn Ekonomike Evropiane (ZEE) dhe Zvic\u00ebr.<\/p><h4>Afati i ruajtjes<\/h4><p>T\u00eb dh\u00ebnat personale q\u00eb ne p\u00ebrpunojm\u00eb p\u00ebrmes faqes son\u00eb ruhen si m\u00eb posht\u00eb, n\u00eb var\u00ebsi t\u00eb llojit t\u00eb tyre:<\/p><ul><li><strong>Google Analytics:<\/strong> T\u00eb dh\u00ebnat e mbledhura jan\u00eb anonime dhe ne kemi vendosur nj\u00eb periudh\u00eb ruajtjeje prej 1 viti, 1 muaj dhe 4 dit\u00eb.<\/li><li>T\u00eb dh\u00ebnat tuaja t\u00eb kontaktit p\u00ebr ekzekutimin dhe p\u00ebrpunimin e porosive mbahen p\u00ebr 10 vjet n\u00eb p\u00ebrputhje me rregulloret zvicerane.<\/li><\/ul><h4>Kontakt\u00a0<\/h4><p>STOLL Fr\u00e8res SA<br \/>Rue des Uttins 35<br \/>CH-1400 Yverdon-les-Bains<br \/><a href=\"mailto:info@stoll-freres.ch\" target=\"_blank\" rel=\"noopener\">info@stoll-freres.ch<\/a><br \/><a href=\"tel:+41244473535\" target=\"_blank\" rel=\"noopener\">024 447 35 35<\/a><\/p>\t\t\t\t\t\t\t\t<\/div>\n\t\t\t\t<\/div>\n\t\t\t\t<div class=\"elementor-element elementor-element-913ffce elementor-widget-divider--view-line elementor-widget elementor-widget-divider\" data-id=\"913ffce\" data-element_type=\"widget\" data-e-type=\"widget\" data-widget_type=\"divider.default\">\n\t\t\t\t<div class=\"elementor-widget-container\">\n\t\t\t\t\t\t\t<div class=\"elementor-divider\">\n\t\t\t<span class=\"elementor-divider-separator\">\n\t\t\t\t\t\t<\/span>\n\t\t<\/div>\n\t\t\t\t\t\t<\/div>\n\t\t\t\t<\/div>\n\t\t\t\t\t<\/div>\n\t\t<\/div>\n\t\t\t\t\t<\/div>\n\t\t<\/section>\n\t\t\t\t<section class=\"elementor-section elementor-top-section elementor-element elementor-element-29420bb elementor-section-boxed elementor-section-height-default elementor-section-height-default\" data-id=\"29420bb\" data-element_type=\"section\" data-e-type=\"section\">\n\t\t\t\t\t\t<div class=\"elementor-container elementor-column-gap-default\">\n\t\t\t\t\t<div class=\"elementor-column elementor-col-100 elementor-top-column elementor-element elementor-element-79a245f\" data-id=\"79a245f\" data-element_type=\"column\" data-e-type=\"column\">\n\t\t\t<div class=\"elementor-widget-wrap elementor-element-populated\">\n\t\t\t\t\t\t<div class=\"elementor-element elementor-element-09b810e elementor-widget elementor-widget-heading\" data-id=\"09b810e\" data-element_type=\"widget\" data-e-type=\"widget\" data-widget_type=\"heading.default\">\n\t\t\t\t<div class=\"elementor-widget-container\">\n\t\t\t\t\t<h2 class=\"elementor-heading-title elementor-size-default\">Njoftimet ligjore<\/h2>\t\t\t\t<\/div>\n\t\t\t\t<\/div>\n\t\t\t\t<section class=\"elementor-section elementor-inner-section elementor-element elementor-element-3825469 elementor-section-boxed elementor-section-height-default elementor-section-height-default\" data-id=\"3825469\" data-element_type=\"section\" data-e-type=\"section\">\n\t\t\t\t\t\t<div class=\"elementor-container elementor-column-gap-default\">\n\t\t\t\t\t<div class=\"elementor-column elementor-col-33 elementor-inner-column elementor-element elementor-element-255a7ef\" data-id=\"255a7ef\" data-element_type=\"column\" data-e-type=\"column\">\n\t\t\t<div class=\"elementor-widget-wrap elementor-element-populated\">\n\t\t\t\t\t\t<div class=\"elementor-element elementor-element-218c761 elementor-widget elementor-widget-text-editor\" data-id=\"218c761\" data-element_type=\"widget\" data-e-type=\"widget\" data-widget_type=\"text-editor.default\">\n\t\t\t\t<div class=\"elementor-widget-container\">\n\t\t\t\t\t\t\t\t\t<h4>Redaktori i faqes<\/h4><p>STOLL Fr\u00e8res SA<br \/>Rue des Uttins 35<br \/>CH-1400 Yverdon-les-Bains<br \/><a href=\"mailto:info@stoll-freres.ch\" target=\"_blank\" rel=\"noopener\">info@stoll-freres.ch<\/a><br \/><a href=\"tel:+41244473535\" target=\"_blank\" rel=\"noopener\">024 447 35 35<\/a><\/p>\t\t\t\t\t\t\t\t<\/div>\n\t\t\t\t<\/div>\n\t\t\t\t\t<\/div>\n\t\t<\/div>\n\t\t\t\t<div class=\"elementor-column elementor-col-33 elementor-inner-column elementor-element elementor-element-8f3afe2\" data-id=\"8f3afe2\" data-element_type=\"column\" data-e-type=\"column\">\n\t\t\t<div class=\"elementor-widget-wrap elementor-element-populated\">\n\t\t\t\t\t\t<div class=\"elementor-element elementor-element-04ebbd1 elementor-widget elementor-widget-text-editor\" data-id=\"04ebbd1\" data-element_type=\"widget\" data-e-type=\"widget\" data-widget_type=\"text-editor.default\">\n\t\t\t\t<div class=\"elementor-widget-container\">\n\t\t\t\t\t\t\t\t\t<h4>Krijimi i faqes<\/h4><p><a href=\"https:\/\/www.abelocom.ch\/\" target=\"_blank\" rel=\"noopener\">abelocom.ch<\/a><br \/><a href=\"https:\/\/www.zaniah.ch\/\" target=\"_blank\" rel=\"noopener\">zaniah.ch<\/a><\/p>\t\t\t\t\t\t\t\t<\/div>\n\t\t\t\t<\/div>\n\t\t\t\t\t<\/div>\n\t\t<\/div>\n\t\t\t\t<div class=\"elementor-column elementor-col-33 elementor-inner-column elementor-element elementor-element-31f7e7c\" data-id=\"31f7e7c\" data-element_type=\"column\" data-e-type=\"column\">\n\t\t\t<div class=\"elementor-widget-wrap elementor-element-populated\">\n\t\t\t\t\t\t<div class=\"elementor-element elementor-element-fc73e6a elementor-widget elementor-widget-text-editor\" data-id=\"fc73e6a\" data-element_type=\"widget\" data-e-type=\"widget\" data-widget_type=\"text-editor.default\">\n\t\t\t\t<div class=\"elementor-widget-container\">\n\t\t\t\t\t\t\t\t\t<h4>Kredit\u00eb e fotografive<\/h4><p>STOLL Fr\u00e8res SA<\/p>\t\t\t\t\t\t\t\t<\/div>\n\t\t\t\t<\/div>\n\t\t\t\t\t<\/div>\n\t\t<\/div>\n\t\t\t\t\t<\/div>\n\t\t<\/section>\n\t\t\t\t\t<\/div>\n\t\t<\/div>\n\t\t\t\t\t<\/div>\n\t\t<\/section>\n\t\t\t\t<\/div>","protected":false},"excerpt":{"rendered":"<p>Confidentialit\u00e9 Mentions l\u00e9gales et confidentialit\u00e9 STOLL Fr\u00e8res SA Politique de confidentialit\u00e9 La pr\u00e9sente politique de confidentialit\u00e9 concerne le site de stoll-freres.ch. La protection des donn\u00e9es est une question de confiance et votre confiance est importante pour nous. Nous respectons votre vie priv\u00e9e et nus nous effor\u00e7ons de nous conformer aux r\u00e8gles sur la protection des [&hellip;]<\/p>\n","protected":false},"author":1,"featured_media":0,"parent":0,"menu_order":0,"comment_status":"closed","ping_status":"closed","template":"","meta":{"footnotes":""},"class_list":["post-994","page","type-page","status-publish","hentry"],"yoast_head":"<!-- This site is optimized with the Yoast SEO plugin v27.4 - https:\/\/yoast.com\/product\/yoast-seo-wordpress\/ -->\n<title>Mentions l\u00e9gales et confidentialit\u00e9 - STOLL Fr\u00e8res SA<\/title>\n<meta name=\"description\" content=\"Cette page pr\u00e9sente les mentions l\u00e9gales et la politique de confidentialit\u00e9 du site internet stoll-freres.ch.\" \/>\n<meta name=\"robots\" content=\"index, follow, max-snippet:-1, max-image-preview:large, max-video-preview:-1\" \/>\n<link rel=\"canonical\" href=\"https:\/\/stoll-freres.ch\/sq\/njoftimet-ligjore-dhe-konfidencialiteti\/\" \/>\n<meta property=\"og:locale\" content=\"sq_AL\" \/>\n<meta property=\"og:type\" content=\"article\" \/>\n<meta property=\"og:title\" content=\"Mentions l\u00e9gales et confidentialit\u00e9 - STOLL Fr\u00e8res SA\" \/>\n<meta property=\"og:description\" content=\"Cette page pr\u00e9sente les mentions l\u00e9gales et la politique de confidentialit\u00e9 du site internet stoll-freres.ch.\" \/>\n<meta property=\"og:url\" content=\"https:\/\/stoll-freres.ch\/sq\/njoftimet-ligjore-dhe-konfidencialiteti\/\" \/>\n<meta property=\"og:site_name\" content=\"STOLL Fr\u00e8res SA\" \/>\n<meta property=\"article:modified_time\" content=\"2025-11-25T13:31:39+00:00\" \/>\n<meta name=\"twitter:card\" content=\"summary_large_image\" \/>\n<meta name=\"twitter:label1\" content=\"Est. reading time\" \/>\n\t<meta name=\"twitter:data1\" content=\"4 minuta\" \/>\n<script type=\"application\/ld+json\" class=\"yoast-schema-graph\">{\"@context\":\"https:\\\/\\\/schema.org\",\"@graph\":[{\"@type\":\"WebPage\",\"@id\":\"https:\\\/\\\/stoll-freres.ch\\\/mentions-legales-et-confidentialite\\\/\",\"url\":\"https:\\\/\\\/stoll-freres.ch\\\/mentions-legales-et-confidentialite\\\/\",\"name\":\"Mentions l\u00e9gales et confidentialit\u00e9 - STOLL Fr\u00e8res SA\",\"isPartOf\":{\"@id\":\"https:\\\/\\\/stoll-freres.ch\\\/#website\"},\"datePublished\":\"2025-01-14T14:32:54+00:00\",\"dateModified\":\"2025-11-25T13:31:39+00:00\",\"description\":\"Cette page pr\u00e9sente les mentions l\u00e9gales et la politique de confidentialit\u00e9 du site internet stoll-freres.ch.\",\"breadcrumb\":{\"@id\":\"https:\\\/\\\/stoll-freres.ch\\\/mentions-legales-et-confidentialite\\\/#breadcrumb\"},\"inLanguage\":\"sq\",\"potentialAction\":[{\"@type\":\"ReadAction\",\"target\":[\"https:\\\/\\\/stoll-freres.ch\\\/mentions-legales-et-confidentialite\\\/\"]}]},{\"@type\":\"BreadcrumbList\",\"@id\":\"https:\\\/\\\/stoll-freres.ch\\\/mentions-legales-et-confidentialite\\\/#breadcrumb\",\"itemListElement\":[{\"@type\":\"ListItem\",\"position\":1,\"name\":\"Accueil\",\"item\":\"https:\\\/\\\/stoll-freres.ch\\\/\"},{\"@type\":\"ListItem\",\"position\":2,\"name\":\"Mentions l\u00e9gales et confidentialit\u00e9\"}]},{\"@type\":\"WebSite\",\"@id\":\"https:\\\/\\\/stoll-freres.ch\\\/#website\",\"url\":\"https:\\\/\\\/stoll-freres.ch\\\/\",\"name\":\"STOLL Fr\u00e8res SA\",\"description\":\"Primeurs en gros\",\"publisher\":{\"@id\":\"https:\\\/\\\/stoll-freres.ch\\\/#organization\"},\"potentialAction\":[{\"@type\":\"SearchAction\",\"target\":{\"@type\":\"EntryPoint\",\"urlTemplate\":\"https:\\\/\\\/stoll-freres.ch\\\/?s={search_term_string}\"},\"query-input\":{\"@type\":\"PropertyValueSpecification\",\"valueRequired\":true,\"valueName\":\"search_term_string\"}}],\"inLanguage\":\"sq\"},{\"@type\":\"Organization\",\"@id\":\"https:\\\/\\\/stoll-freres.ch\\\/#organization\",\"name\":\"STOLL Fr\u00e8res SA\",\"url\":\"https:\\\/\\\/stoll-freres.ch\\\/\",\"logo\":{\"@type\":\"ImageObject\",\"inLanguage\":\"sq\",\"@id\":\"https:\\\/\\\/stoll-freres.ch\\\/#\\\/schema\\\/logo\\\/image\\\/\",\"url\":\"https:\\\/\\\/stoll-freres.ch\\\/wp-content\\\/uploads\\\/2024\\\/10\\\/Stoll_Logo.png\",\"contentUrl\":\"https:\\\/\\\/stoll-freres.ch\\\/wp-content\\\/uploads\\\/2024\\\/10\\\/Stoll_Logo.png\",\"width\":800,\"height\":452,\"caption\":\"STOLL Fr\u00e8res SA\"},\"image\":{\"@id\":\"https:\\\/\\\/stoll-freres.ch\\\/#\\\/schema\\\/logo\\\/image\\\/\"}}]}<\/script>\n<!-- \/ Yoast SEO plugin. -->","yoast_head_json":{"title":"Njoftimet ligjore dhe konfidencialiteti - STOLL Fr\u00e8res SA","description":"Kjo faqe paraqet njoftimet ligjore dhe politik\u00ebn e privat\u00ebsis\u00eb s\u00eb faqes s\u00eb internetit stoll-freres.ch.","robots":{"index":"index","follow":"follow","max-snippet":"max-snippet:-1","max-image-preview":"max-image-preview:large","max-video-preview":"max-video-preview:-1"},"canonical":"https:\/\/stoll-freres.ch\/sq\/njoftimet-ligjore-dhe-konfidencialiteti\/","og_locale":"sq_AL","og_type":"article","og_title":"Mentions l\u00e9gales et confidentialit\u00e9 - STOLL Fr\u00e8res SA","og_description":"Cette page pr\u00e9sente les mentions l\u00e9gales et la politique de confidentialit\u00e9 du site internet stoll-freres.ch.","og_url":"https:\/\/stoll-freres.ch\/sq\/njoftimet-ligjore-dhe-konfidencialiteti\/","og_site_name":"STOLL Fr\u00e8res SA","article_modified_time":"2025-11-25T13:31:39+00:00","twitter_card":"summary_large_image","twitter_misc":{"Est. reading time":"4 minuta"},"schema":{"@context":"https:\/\/schema.org","@graph":[{"@type":"WebPage","@id":"https:\/\/stoll-freres.ch\/mentions-legales-et-confidentialite\/","url":"https:\/\/stoll-freres.ch\/mentions-legales-et-confidentialite\/","name":"Njoftimet ligjore dhe konfidencialiteti - STOLL Fr\u00e8res SA","isPartOf":{"@id":"https:\/\/stoll-freres.ch\/#website"},"datePublished":"2025-01-14T14:32:54+00:00","dateModified":"2025-11-25T13:31:39+00:00","description":"Kjo faqe paraqet njoftimet ligjore dhe politik\u00ebn e privat\u00ebsis\u00eb s\u00eb faqes s\u00eb internetit stoll-freres.ch.","breadcrumb":{"@id":"https:\/\/stoll-freres.ch\/mentions-legales-et-confidentialite\/#breadcrumb"},"inLanguage":"sq","potentialAction":[{"@type":"ReadAction","target":["https:\/\/stoll-freres.ch\/mentions-legales-et-confidentialite\/"]}]},{"@type":"BreadcrumbList","@id":"https:\/\/stoll-freres.ch\/mentions-legales-et-confidentialite\/#breadcrumb","itemListElement":[{"@type":"ListItem","position":1,"name":"Accueil","item":"https:\/\/stoll-freres.ch\/"},{"@type":"ListItem","position":2,"name":"Mentions l\u00e9gales et confidentialit\u00e9"}]},{"@type":"WebSite","@id":"https:\/\/stoll-freres.ch\/#website","url":"https:\/\/stoll-freres.ch\/","name":"STOLL Fr\u00e8res SA","description":"Abetare me shumic\u00eb","publisher":{"@id":"https:\/\/stoll-freres.ch\/#organization"},"potentialAction":[{"@type":"SearchAction","target":{"@type":"EntryPoint","urlTemplate":"https:\/\/stoll-freres.ch\/?s={search_term_string}"},"query-input":{"@type":"PropertyValueSpecification","valueRequired":true,"valueName":"search_term_string"}}],"inLanguage":"sq"},{"@type":"Organization","@id":"https:\/\/stoll-freres.ch\/#organization","name":"STOLL Fr\u00e8res SA","url":"https:\/\/stoll-freres.ch\/","logo":{"@type":"ImageObject","inLanguage":"sq","@id":"https:\/\/stoll-freres.ch\/#\/schema\/logo\/image\/","url":"https:\/\/stoll-freres.ch\/wp-content\/uploads\/2024\/10\/Stoll_Logo.png","contentUrl":"https:\/\/stoll-freres.ch\/wp-content\/uploads\/2024\/10\/Stoll_Logo.png","width":800,"height":452,"caption":"STOLL Fr\u00e8res SA"},"image":{"@id":"https:\/\/stoll-freres.ch\/#\/schema\/logo\/image\/"}}]}},"_links":{"self":[{"href":"https:\/\/stoll-freres.ch\/sq\/wp-json\/wp\/v2\/pages\/994","targetHints":{"allow":["GET"]}}],"collection":[{"href":"https:\/\/stoll-freres.ch\/sq\/wp-json\/wp\/v2\/pages"}],"about":[{"href":"https:\/\/stoll-freres.ch\/sq\/wp-json\/wp\/v2\/types\/page"}],"author":[{"embeddable":true,"href":"https:\/\/stoll-freres.ch\/sq\/wp-json\/wp\/v2\/users\/1"}],"replies":[{"embeddable":true,"href":"https:\/\/stoll-freres.ch\/sq\/wp-json\/wp\/v2\/comments?post=994"}],"version-history":[{"count":59,"href":"https:\/\/stoll-freres.ch\/sq\/wp-json\/wp\/v2\/pages\/994\/revisions"}],"predecessor-version":[{"id":1666,"href":"https:\/\/stoll-freres.ch\/sq\/wp-json\/wp\/v2\/pages\/994\/revisions\/1666"}],"wp:attachment":[{"href":"https:\/\/stoll-freres.ch\/sq\/wp-json\/wp\/v2\/media?parent=994"}],"curies":[{"name":"wp","href":"https:\/\/api.w.org\/{rel}","templated":true}]}}