{"id":994,"date":"2025-01-14T15:32:54","date_gmt":"2025-01-14T14:32:54","guid":{"rendered":"https:\/\/stoll-freres.ch\/?page_id=994"},"modified":"2025-11-25T14:31:39","modified_gmt":"2025-11-25T13:31:39","slug":"pravne-informacie-a-dovernost","status":"publish","type":"page","link":"https:\/\/stoll-freres.ch\/sk\/mentions-legales-et-confidentialite\/","title":{"rendered":"Pr\u00e1vne inform\u00e1cie a d\u00f4vernos\u0165"},"content":{"rendered":"<div data-elementor-type=\"wp-page\" data-elementor-id=\"994\" class=\"elementor elementor-994\" data-elementor-post-type=\"page\">\n\t\t\t\t\t\t<section class=\"elementor-section elementor-top-section elementor-element elementor-element-9ae861d elementor-section-height-min-height elementor-section-items-bottom elementor-section-boxed elementor-section-height-default\" data-id=\"9ae861d\" data-element_type=\"section\" data-e-type=\"section\" data-settings=\"{&quot;background_background&quot;:&quot;classic&quot;}\">\n\t\t\t\t\t\t<div class=\"elementor-container elementor-column-gap-default\">\n\t\t\t\t\t<div class=\"elementor-column elementor-col-100 elementor-top-column elementor-element elementor-element-f2ebb22\" data-id=\"f2ebb22\" data-element_type=\"column\" data-e-type=\"column\">\n\t\t\t<div class=\"elementor-widget-wrap elementor-element-populated\">\n\t\t\t\t\t\t<div class=\"elementor-element elementor-element-0a34558 elementor-widget elementor-widget-heading\" data-id=\"0a34558\" data-element_type=\"widget\" data-e-type=\"widget\" data-widget_type=\"heading.default\">\n\t\t\t\t<div class=\"elementor-widget-container\">\n\t\t\t\t\t<h1 class=\"elementor-heading-title elementor-size-default\">D\u00f4vernos\u0165<\/h1>\t\t\t\t<\/div>\n\t\t\t\t<\/div>\n\t\t\t\t<div class=\"elementor-element elementor-element-4bf6898 elementor-widget elementor-widget-heading\" data-id=\"4bf6898\" data-element_type=\"widget\" data-e-type=\"widget\" data-widget_type=\"heading.default\">\n\t\t\t\t<div class=\"elementor-widget-container\">\n\t\t\t\t\t<h2 class=\"elementor-heading-title elementor-size-default\">Pr\u00e1vne inform\u00e1cie a d\u00f4vernos\u0165<\/h2>\t\t\t\t<\/div>\n\t\t\t\t<\/div>\n\t\t\t\t<div class=\"elementor-element elementor-element-0cc06c2 elementor-widget__width-initial elementor-widget elementor-widget-heading\" data-id=\"0cc06c2\" data-element_type=\"widget\" data-e-type=\"widget\" data-widget_type=\"heading.default\">\n\t\t\t\t<div class=\"elementor-widget-container\">\n\t\t\t\t\t<h2 class=\"elementor-heading-title elementor-size-default\">STOLL Fr\u00e8res SA<\/h2>\t\t\t\t<\/div>\n\t\t\t\t<\/div>\n\t\t\t\t<div class=\"elementor-element elementor-element-d8ec185 elementor-widget elementor-widget-spacer\" data-id=\"d8ec185\" data-element_type=\"widget\" data-e-type=\"widget\" data-widget_type=\"spacer.default\">\n\t\t\t\t<div class=\"elementor-widget-container\">\n\t\t\t\t\t\t\t<div class=\"elementor-spacer\">\n\t\t\t<div class=\"elementor-spacer-inner\"><\/div>\n\t\t<\/div>\n\t\t\t\t\t\t<\/div>\n\t\t\t\t<\/div>\n\t\t\t\t\t<\/div>\n\t\t<\/div>\n\t\t\t\t\t<\/div>\n\t\t<\/section>\n\t\t\t\t<section class=\"elementor-section elementor-top-section elementor-element elementor-element-9c0ef15 elementor-section-full_width elementor-section-height-default elementor-section-height-default\" data-id=\"9c0ef15\" data-element_type=\"section\" data-e-type=\"section\">\n\t\t\t\t\t\t<div class=\"elementor-container elementor-column-gap-default\">\n\t\t\t\t\t<div class=\"elementor-column elementor-col-100 elementor-top-column elementor-element elementor-element-703e515\" data-id=\"703e515\" data-element_type=\"column\" data-e-type=\"column\">\n\t\t\t<div class=\"elementor-widget-wrap elementor-element-populated\">\n\t\t\t\t\t\t<div class=\"elementor-element elementor-element-f3bbc79 elementor-widget-divider--view-line elementor-widget elementor-widget-divider\" data-id=\"f3bbc79\" data-element_type=\"widget\" data-e-type=\"widget\" data-widget_type=\"divider.default\">\n\t\t\t\t<div class=\"elementor-widget-container\">\n\t\t\t\t\t\t\t<div class=\"elementor-divider\">\n\t\t\t<span class=\"elementor-divider-separator\">\n\t\t\t\t\t\t<\/span>\n\t\t<\/div>\n\t\t\t\t\t\t<\/div>\n\t\t\t\t<\/div>\n\t\t\t\t\t<\/div>\n\t\t<\/div>\n\t\t\t\t\t<\/div>\n\t\t<\/section>\n\t\t\t\t<section class=\"elementor-section elementor-top-section elementor-element elementor-element-826bd05 confidentialite elementor-section-boxed elementor-section-height-default elementor-section-height-default\" data-id=\"826bd05\" data-element_type=\"section\" data-e-type=\"section\">\n\t\t\t\t\t\t<div class=\"elementor-container elementor-column-gap-default\">\n\t\t\t\t\t<div class=\"elementor-column elementor-col-100 elementor-top-column elementor-element elementor-element-f099545\" data-id=\"f099545\" data-element_type=\"column\" data-e-type=\"column\">\n\t\t\t<div class=\"elementor-widget-wrap elementor-element-populated\">\n\t\t\t\t\t\t<div class=\"elementor-element elementor-element-dbadf82 elementor-widget elementor-widget-text-editor\" data-id=\"dbadf82\" data-element_type=\"widget\" data-e-type=\"widget\" data-widget_type=\"text-editor.default\">\n\t\t\t\t<div class=\"elementor-widget-container\">\n\t\t\t\t\t\t\t\t\t<h2>Z\u00e1sady ochrany osobn\u00fdch \u00fadajov<\/h2><p>Tieto z\u00e1sady ochrany osobn\u00fdch \u00fadajov sa t\u00fdkaj\u00fa webovej str\u00e1nky stoll-freres.ch.<\/p><p>Ochrana \u00fadajov je vecou d\u00f4very a va\u0161a d\u00f4vera je pre n\u00e1s d\u00f4le\u017eit\u00e1. Re\u0161pektujeme va\u0161e s\u00fakromie a sna\u017e\u00edme sa dodr\u017eiava\u0165 platn\u00e9 predpisy o ochrane \u00fadajov. V nieko\u013ek\u00fdch bodoch ni\u017e\u0161ie vysvet\u013eujeme, ak\u00e9 \u00fadaje zhroma\u017e\u010fujeme, ako to rob\u00edme a pre\u010do.<\/p><h4>Ochrana \u00fadajov<\/h4><p>Spolo\u010dnos\u0165 STOLL Fr\u00e8res SA re\u0161pektuje va\u0161e pr\u00e1va na ochranu osobn\u00fdch \u00fadajov, ako je stanoven\u00e9 vo \u0161vaj\u010diarskych pr\u00e1vnych predpisoch o ochrane \u00fadajov. V\u0161etky osobn\u00e9 \u00fadaje, ktor\u00e9 n\u00e1m m\u00f4\u017eete ozn\u00e1mi\u0165 po\u010das n\u00e1v\u0161tevy na\u0161ej webovej str\u00e1nky (napr. va\u0161a IP adresa, po\u0161tov\u00e1 adresa alebo e-mailov\u00e1 adresa), sa pou\u017e\u00edvaj\u00fa v\u00fdlu\u010dne na \u00fa\u010dely z\u00e1kazn\u00edckeho vz\u0165ahu, ktor\u00fd s vami udr\u017eiavame, a na poskytovanie konkr\u00e9tnych slu\u017eieb, ktor\u00e9 ste si od n\u00e1s vy\u017eiadali. Tieto \u00fadaje spolo\u010dnos\u0165 STOLL Fr\u00e8res SA sprac\u00fava a pou\u017e\u00edva v s\u00falade so spolkov\u00fdm z\u00e1konom o ochrane \u00fadajov (nLPD).<\/p><h4>Formul\u00e1re<\/h4><p>Ke\u010f sa zaregistrujete alebo zaregistrujete na na\u0161ej webovej lokalite stoll-fr\u00e8res.ch alebo pre niektor\u00fa z na\u0161ich slu\u017eieb, alebo ke\u010f po\u017eiadate o zasielanie n\u00e1\u0161ho informa\u010dn\u00e9ho bulletinu alebo in\u00fdch inform\u00e1ci\u00ed, budete po\u017eiadan\u00ed, aby ste n\u00e1m poskytli ur\u010dit\u00e9 mno\u017estvo inform\u00e1ci\u00ed, ako s\u00fa va\u0161e osobn\u00e9 \u00fadaje, faktura\u010dn\u00e9 \u00fadaje alebo identifika\u010dn\u00e9 \u00fadaje. M\u00f4\u017eete tie\u017e slobodne zada\u0165 \u010fal\u0161ie \u00fadaje. Ke\u010f n\u00e1s kontaktujete po\u0161tou, e-mailom alebo telefonicky, m\u00f4\u017eete tie\u017e poskytn\u00fa\u0165 svoje osobn\u00e9 \u00fadaje. Tieto \u00fadaje podliehaj\u00fa v\u00e1\u0161mu slobodn\u00e9mu rozhodnutiu a pou\u017e\u00edvaj\u00fa sa na po\u0161tov\u00e9 alebo elektronick\u00e9 odoslanie inform\u00e1ci\u00ed, ktor\u00e9 ste od n\u00e1s po\u017eadovali, ako aj na nadviazanie a rozvoj obchodn\u00fdch vz\u0165ahov a z\u00e1kazn\u00edckeho servisu.<\/p><p>Zadan\u00edm svojich osobn\u00fdch \u00fadajov vyjadrujete svoj s\u00fahlas so zhroma\u017e\u010fovan\u00edm, spracovan\u00edm a pou\u017e\u00edvan\u00edm t\u00fdchto inform\u00e1ci\u00ed spolo\u010dnos\u0165ou STOLL Fr\u00e8res SA, ako je vysvetlen\u00e9 vy\u0161\u0161ie.<\/p><p>S\u00fahlas so zhroma\u017e\u010fovan\u00edm, spracovan\u00edm a pou\u017e\u00edvan\u00edm va\u0161ich osobn\u00fdch \u00fadajov m\u00f4\u017eete kedyko\u013evek odvola\u0165 zaslan\u00edm neform\u00e1lneho listu na adresu <a href=\"mailto:info@stoll-freres.ch\" target=\"_blank\" rel=\"noopener\">info@stoll-freres.ch<\/a>. V takom pr\u00edpade bud\u00fa va\u0161e \u00fadaje vymazan\u00e9.<\/p><p>Spolo\u010dnos\u0165 STOLL Fr\u00e8res SA neposkytne osobn\u00e9 \u00fadaje tret\u00edm stran\u00e1m, pokia\u013e to nie je v\u00fdslovne ozn\u00e1men\u00e9 a pokia\u013e ste na to nedali svoj s\u00fahlas.<\/p><h4>Cookies<\/h4><p>Ke\u010f nav\u0161t\u00edvite na\u0161u webov\u00fa str\u00e1nku, in\u0161talujeme \"cookies\", t. j. s\u00fabory ulo\u017een\u00e9 vo va\u0161om po\u010d\u00edta\u010di, ktor\u00e9 n\u00e1m umo\u017e\u0148uj\u00fa analyzova\u0165 va\u0161e pou\u017e\u00edvanie na\u0161ej str\u00e1nky a spr\u00edjemni\u0165 v\u00e1m prehliadanie. \u017diadny z t\u00fdchto s\u00faborov cookie neobsahuje \u017eiadne osobn\u00e9 \u00fadaje, ktor\u00e9 by sa dali pou\u017ei\u0165 na va\u0161u identifik\u00e1ciu. Pri prvej n\u00e1v\u0161teve na\u0161ej webovej lokality m\u00f4\u017eete s\u00fabory cookie odmietnu\u0165 alebo prisp\u00f4sobi\u0165 svoje nastavenia, ale upozor\u0148ujeme, \u017ee ak tak urob\u00edte, nebudete m\u00f4c\u0165 vyu\u017e\u00edva\u0165 v\u0161etky funkcie webovej lokality v plnom rozsahu.<\/p>\t\t\t\t\t\t\t\t<\/div>\n\t\t\t\t<\/div>\n\t\t\t\t<div class=\"elementor-element elementor-element-d1c44b2 puces elementor-widget elementor-widget-text-editor\" data-id=\"d1c44b2\" data-element_type=\"widget\" data-e-type=\"widget\" data-widget_type=\"text-editor.default\">\n\t\t\t\t<div class=\"elementor-widget-container\">\n\t\t\t\t\t\t\t\t\t<h2>Slu\u017eby tret\u00edch str\u00e1n<\/h2><h4>Hosting webov\u00fdch str\u00e1nok<\/h4><p>Na\u0161\u00edm poskytovate\u013eom hostingu je spolo\u010dnos\u0165 Infomaniak Network SA vo \u0160vaj\u010diarsku.<\/p><h4>Analytika<\/h4><p>Na\u0161a webov\u00e1 str\u00e1nka pou\u017e\u00edva slu\u017ebu Google Analytics. Tento syst\u00e9m umo\u017e\u0148uje vykon\u00e1va\u0165 r\u00f4zne anal\u00fdzy n\u00e1v\u0161tevnosti a pou\u017e\u00edvania na\u0161ej webovej str\u00e1nky.<\/p><p>Zozbieran\u00e9 inform\u00e1cie zah\u0155\u0148aj\u00fa va\u0161u IP adresu, va\u0161u konfigur\u00e1ciu (zariadenie, prehliada\u010d, rozl\u00ed\u0161enie at\u010f.), poskytovate\u013ea pr\u00edstupu, nav\u0161t\u00edven\u00fa str\u00e1nku, predch\u00e1dzaj\u00facu str\u00e1nku a r\u00f4zne interakcie s na\u0161ou str\u00e1nkou (\u010das konzult\u00e1cie, kliknutia, vyplnen\u00e9 formul\u00e1re at\u010f.).<\/p><p>Tieto \u00fadaje pou\u017e\u00edvame anonymne (anonymiz\u00e1cia IP adries) na zlep\u0161enie na\u0161ich slu\u017eieb a pon\u00fak a na prisp\u00f4sobenie obsahu na\u0161ich str\u00e1nok.<\/p><p>Na\u0161\u00edm poskytovate\u013eom slu\u017eieb je americk\u00e1 spolo\u010dnos\u0165 Google LLC. Za pou\u017e\u00edvate\u013eov v Eur\u00f3pskom hospod\u00e1rskom priestore (EHP) a vo \u0160vaj\u010diarsku zodpoved\u00e1 \u00edrska spolo\u010dnos\u0165 Google Ireland Limited.<\/p><h4>Mapa Google<\/h4><p>Na integr\u00e1ciu m\u00e1p do na\u0161ich webov\u00fdch str\u00e1nok pou\u017e\u00edvame slu\u017ebu Mapy Google. Mapy Google je slu\u017eba, ktor\u00fa pon\u00faka americk\u00e1 spolo\u010dnos\u0165 Google LLC. Za pou\u017e\u00edvate\u013eov v Eur\u00f3pskom hospod\u00e1rskom priestore (EHP) a vo \u0160vaj\u010diarsku zodpoved\u00e1 \u00edrska spolo\u010dnos\u0165 Google Ireland Limited.<\/p><h4>Trvanlivos\u0165<\/h4><p>Osobn\u00e9 \u00fadaje, ktor\u00e9 sprac\u00favame prostredn\u00edctvom na\u0161ej str\u00e1nky, sa ukladaj\u00fa v z\u00e1vislosti od typu \u00fadajov takto:<\/p><ul><li><strong>Slu\u017eba Google Analytics:<\/strong> zhroma\u017eden\u00e9 \u00fadaje s\u00fa anonymizovan\u00e9 a stanovili sme dobu uchov\u00e1vania 1 rok, 1 mesiac a 4 dni.<\/li><li>Va\u0161e kontaktn\u00e9 \u00fadaje na spracovanie objedn\u00e1vok sa uchov\u00e1vaj\u00fa 10 rokov v s\u00falade so \u0161vaj\u010diarskymi predpismi.<\/li><\/ul><h4>Kontakt\u00a0<\/h4><p>STOLL Fr\u00e8res SA<br \/>Rue des Uttins 35<br \/>CH-1400 Yverdon-les-Bains<br \/><a href=\"mailto:info@stoll-freres.ch\" target=\"_blank\" rel=\"noopener\">info@stoll-freres.ch<\/a><br \/><a href=\"tel:+41244473535\" target=\"_blank\" rel=\"noopener\">024 447 35 35<\/a><\/p>\t\t\t\t\t\t\t\t<\/div>\n\t\t\t\t<\/div>\n\t\t\t\t<div class=\"elementor-element elementor-element-913ffce elementor-widget-divider--view-line elementor-widget elementor-widget-divider\" data-id=\"913ffce\" data-element_type=\"widget\" data-e-type=\"widget\" data-widget_type=\"divider.default\">\n\t\t\t\t<div class=\"elementor-widget-container\">\n\t\t\t\t\t\t\t<div class=\"elementor-divider\">\n\t\t\t<span class=\"elementor-divider-separator\">\n\t\t\t\t\t\t<\/span>\n\t\t<\/div>\n\t\t\t\t\t\t<\/div>\n\t\t\t\t<\/div>\n\t\t\t\t\t<\/div>\n\t\t<\/div>\n\t\t\t\t\t<\/div>\n\t\t<\/section>\n\t\t\t\t<section class=\"elementor-section elementor-top-section elementor-element elementor-element-29420bb elementor-section-boxed elementor-section-height-default elementor-section-height-default\" data-id=\"29420bb\" data-element_type=\"section\" data-e-type=\"section\">\n\t\t\t\t\t\t<div class=\"elementor-container elementor-column-gap-default\">\n\t\t\t\t\t<div class=\"elementor-column elementor-col-100 elementor-top-column elementor-element elementor-element-79a245f\" data-id=\"79a245f\" data-element_type=\"column\" data-e-type=\"column\">\n\t\t\t<div class=\"elementor-widget-wrap elementor-element-populated\">\n\t\t\t\t\t\t<div class=\"elementor-element elementor-element-09b810e elementor-widget elementor-widget-heading\" data-id=\"09b810e\" data-element_type=\"widget\" data-e-type=\"widget\" data-widget_type=\"heading.default\">\n\t\t\t\t<div class=\"elementor-widget-container\">\n\t\t\t\t\t<h2 class=\"elementor-heading-title elementor-size-default\">Pr\u00e1vne inform\u00e1cie<\/h2>\t\t\t\t<\/div>\n\t\t\t\t<\/div>\n\t\t\t\t<section class=\"elementor-section elementor-inner-section elementor-element elementor-element-3825469 elementor-section-boxed elementor-section-height-default elementor-section-height-default\" data-id=\"3825469\" data-element_type=\"section\" data-e-type=\"section\">\n\t\t\t\t\t\t<div class=\"elementor-container elementor-column-gap-default\">\n\t\t\t\t\t<div class=\"elementor-column elementor-col-33 elementor-inner-column elementor-element elementor-element-255a7ef\" data-id=\"255a7ef\" data-element_type=\"column\" data-e-type=\"column\">\n\t\t\t<div class=\"elementor-widget-wrap elementor-element-populated\">\n\t\t\t\t\t\t<div class=\"elementor-element elementor-element-218c761 elementor-widget elementor-widget-text-editor\" data-id=\"218c761\" data-element_type=\"widget\" data-e-type=\"widget\" data-widget_type=\"text-editor.default\">\n\t\t\t\t<div class=\"elementor-widget-container\">\n\t\t\t\t\t\t\t\t\t<h4>Editor webovej str\u00e1nky<\/h4><p>STOLL Fr\u00e8res SA<br \/>Rue des Uttins 35<br \/>CH-1400 Yverdon-les-Bains<br \/><a href=\"mailto:info@stoll-freres.ch\" target=\"_blank\" rel=\"noopener\">info@stoll-freres.ch<\/a><br \/><a href=\"tel:+41244473535\" target=\"_blank\" rel=\"noopener\">024 447 35 35<\/a><\/p>\t\t\t\t\t\t\t\t<\/div>\n\t\t\t\t<\/div>\n\t\t\t\t\t<\/div>\n\t\t<\/div>\n\t\t\t\t<div class=\"elementor-column elementor-col-33 elementor-inner-column elementor-element elementor-element-8f3afe2\" data-id=\"8f3afe2\" data-element_type=\"column\" data-e-type=\"column\">\n\t\t\t<div class=\"elementor-widget-wrap elementor-element-populated\">\n\t\t\t\t\t\t<div class=\"elementor-element elementor-element-04ebbd1 elementor-widget elementor-widget-text-editor\" data-id=\"04ebbd1\" data-element_type=\"widget\" data-e-type=\"widget\" data-widget_type=\"text-editor.default\">\n\t\t\t\t<div class=\"elementor-widget-container\">\n\t\t\t\t\t\t\t\t\t<h4>Vytvorenie webovej str\u00e1nky<\/h4><p><a href=\"https:\/\/www.abelocom.ch\/\" target=\"_blank\" rel=\"noopener\">abelocom.ch<\/a><br \/><a href=\"https:\/\/www.zaniah.ch\/\" target=\"_blank\" rel=\"noopener\">zaniah.ch<\/a><\/p>\t\t\t\t\t\t\t\t<\/div>\n\t\t\t\t<\/div>\n\t\t\t\t\t<\/div>\n\t\t<\/div>\n\t\t\t\t<div class=\"elementor-column elementor-col-33 elementor-inner-column elementor-element elementor-element-31f7e7c\" data-id=\"31f7e7c\" data-element_type=\"column\" data-e-type=\"column\">\n\t\t\t<div class=\"elementor-widget-wrap elementor-element-populated\">\n\t\t\t\t\t\t<div class=\"elementor-element elementor-element-fc73e6a elementor-widget elementor-widget-text-editor\" data-id=\"fc73e6a\" data-element_type=\"widget\" data-e-type=\"widget\" data-widget_type=\"text-editor.default\">\n\t\t\t\t<div class=\"elementor-widget-container\">\n\t\t\t\t\t\t\t\t\t<h4>Foto kredity<\/h4><p>STOLL Fr\u00e8res SA<\/p>\t\t\t\t\t\t\t\t<\/div>\n\t\t\t\t<\/div>\n\t\t\t\t\t<\/div>\n\t\t<\/div>\n\t\t\t\t\t<\/div>\n\t\t<\/section>\n\t\t\t\t\t<\/div>\n\t\t<\/div>\n\t\t\t\t\t<\/div>\n\t\t<\/section>\n\t\t\t\t<\/div>","protected":false},"excerpt":{"rendered":"<p>Confidentialit\u00e9 Mentions l\u00e9gales et confidentialit\u00e9 STOLL Fr\u00e8res SA Politique de confidentialit\u00e9 La pr\u00e9sente politique de confidentialit\u00e9 concerne le site de stoll-freres.ch. La protection des donn\u00e9es est une question de confiance et votre confiance est importante pour nous. Nous respectons votre vie priv\u00e9e et nus nous effor\u00e7ons de nous conformer aux r\u00e8gles sur la protection des [&hellip;]<\/p>\n","protected":false},"author":1,"featured_media":0,"parent":0,"menu_order":0,"comment_status":"closed","ping_status":"closed","template":"","meta":{"footnotes":""},"class_list":["post-994","page","type-page","status-publish","hentry"],"yoast_head":"<!-- This site is optimized with the Yoast SEO plugin v27.4 - https:\/\/yoast.com\/product\/yoast-seo-wordpress\/ -->\n<title>Mentions l\u00e9gales et confidentialit\u00e9 - STOLL Fr\u00e8res SA<\/title>\n<meta name=\"description\" content=\"Cette page pr\u00e9sente les mentions l\u00e9gales et la politique de confidentialit\u00e9 du site internet stoll-freres.ch.\" \/>\n<meta name=\"robots\" content=\"index, follow, max-snippet:-1, max-image-preview:large, max-video-preview:-1\" \/>\n<link rel=\"canonical\" href=\"https:\/\/stoll-freres.ch\/sk\/pravne-informacie-a-dovernost\/\" \/>\n<meta property=\"og:locale\" content=\"sk_SK\" \/>\n<meta property=\"og:type\" content=\"article\" \/>\n<meta property=\"og:title\" content=\"Mentions l\u00e9gales et confidentialit\u00e9 - STOLL Fr\u00e8res SA\" \/>\n<meta property=\"og:description\" content=\"Cette page pr\u00e9sente les mentions l\u00e9gales et la politique de confidentialit\u00e9 du site internet stoll-freres.ch.\" \/>\n<meta property=\"og:url\" content=\"https:\/\/stoll-freres.ch\/sk\/pravne-informacie-a-dovernost\/\" \/>\n<meta property=\"og:site_name\" content=\"STOLL Fr\u00e8res SA\" \/>\n<meta property=\"article:modified_time\" content=\"2025-11-25T13:31:39+00:00\" \/>\n<meta name=\"twitter:card\" content=\"summary_large_image\" \/>\n<meta name=\"twitter:label1\" content=\"Predpokladan\u00fd \u010das \u010d\u00edtania\" \/>\n\t<meta name=\"twitter:data1\" content=\"4 min\u00faty\" \/>\n<script type=\"application\/ld+json\" class=\"yoast-schema-graph\">{\"@context\":\"https:\\\/\\\/schema.org\",\"@graph\":[{\"@type\":\"WebPage\",\"@id\":\"https:\\\/\\\/stoll-freres.ch\\\/mentions-legales-et-confidentialite\\\/\",\"url\":\"https:\\\/\\\/stoll-freres.ch\\\/mentions-legales-et-confidentialite\\\/\",\"name\":\"Mentions l\u00e9gales et confidentialit\u00e9 - STOLL Fr\u00e8res SA\",\"isPartOf\":{\"@id\":\"https:\\\/\\\/stoll-freres.ch\\\/#website\"},\"datePublished\":\"2025-01-14T14:32:54+00:00\",\"dateModified\":\"2025-11-25T13:31:39+00:00\",\"description\":\"Cette page pr\u00e9sente les mentions l\u00e9gales et la politique de confidentialit\u00e9 du site internet stoll-freres.ch.\",\"breadcrumb\":{\"@id\":\"https:\\\/\\\/stoll-freres.ch\\\/mentions-legales-et-confidentialite\\\/#breadcrumb\"},\"inLanguage\":\"sk-SK\",\"potentialAction\":[{\"@type\":\"ReadAction\",\"target\":[\"https:\\\/\\\/stoll-freres.ch\\\/mentions-legales-et-confidentialite\\\/\"]}]},{\"@type\":\"BreadcrumbList\",\"@id\":\"https:\\\/\\\/stoll-freres.ch\\\/mentions-legales-et-confidentialite\\\/#breadcrumb\",\"itemListElement\":[{\"@type\":\"ListItem\",\"position\":1,\"name\":\"Accueil\",\"item\":\"https:\\\/\\\/stoll-freres.ch\\\/\"},{\"@type\":\"ListItem\",\"position\":2,\"name\":\"Mentions l\u00e9gales et confidentialit\u00e9\"}]},{\"@type\":\"WebSite\",\"@id\":\"https:\\\/\\\/stoll-freres.ch\\\/#website\",\"url\":\"https:\\\/\\\/stoll-freres.ch\\\/\",\"name\":\"STOLL Fr\u00e8res SA\",\"description\":\"Primeurs en gros\",\"publisher\":{\"@id\":\"https:\\\/\\\/stoll-freres.ch\\\/#organization\"},\"potentialAction\":[{\"@type\":\"SearchAction\",\"target\":{\"@type\":\"EntryPoint\",\"urlTemplate\":\"https:\\\/\\\/stoll-freres.ch\\\/?s={search_term_string}\"},\"query-input\":{\"@type\":\"PropertyValueSpecification\",\"valueRequired\":true,\"valueName\":\"search_term_string\"}}],\"inLanguage\":\"sk-SK\"},{\"@type\":\"Organization\",\"@id\":\"https:\\\/\\\/stoll-freres.ch\\\/#organization\",\"name\":\"STOLL Fr\u00e8res SA\",\"url\":\"https:\\\/\\\/stoll-freres.ch\\\/\",\"logo\":{\"@type\":\"ImageObject\",\"inLanguage\":\"sk-SK\",\"@id\":\"https:\\\/\\\/stoll-freres.ch\\\/#\\\/schema\\\/logo\\\/image\\\/\",\"url\":\"https:\\\/\\\/stoll-freres.ch\\\/wp-content\\\/uploads\\\/2024\\\/10\\\/Stoll_Logo.png\",\"contentUrl\":\"https:\\\/\\\/stoll-freres.ch\\\/wp-content\\\/uploads\\\/2024\\\/10\\\/Stoll_Logo.png\",\"width\":800,\"height\":452,\"caption\":\"STOLL Fr\u00e8res SA\"},\"image\":{\"@id\":\"https:\\\/\\\/stoll-freres.ch\\\/#\\\/schema\\\/logo\\\/image\\\/\"}}]}<\/script>\n<!-- \/ Yoast SEO plugin. -->","yoast_head_json":{"title":"Pr\u00e1vne inform\u00e1cie a d\u00f4vernos\u0165 - STOLL Fr\u00e8res SA","description":"T\u00e1to str\u00e1nka predstavuje pr\u00e1vne upozornenia a z\u00e1sady ochrany osobn\u00fdch \u00fadajov webovej str\u00e1nky stoll-freres.ch.","robots":{"index":"index","follow":"follow","max-snippet":"max-snippet:-1","max-image-preview":"max-image-preview:large","max-video-preview":"max-video-preview:-1"},"canonical":"https:\/\/stoll-freres.ch\/sk\/pravne-informacie-a-dovernost\/","og_locale":"sk_SK","og_type":"article","og_title":"Mentions l\u00e9gales et confidentialit\u00e9 - STOLL Fr\u00e8res SA","og_description":"Cette page pr\u00e9sente les mentions l\u00e9gales et la politique de confidentialit\u00e9 du site internet stoll-freres.ch.","og_url":"https:\/\/stoll-freres.ch\/sk\/pravne-informacie-a-dovernost\/","og_site_name":"STOLL Fr\u00e8res SA","article_modified_time":"2025-11-25T13:31:39+00:00","twitter_card":"summary_large_image","twitter_misc":{"Predpokladan\u00fd \u010das \u010d\u00edtania":"4 min\u00faty"},"schema":{"@context":"https:\/\/schema.org","@graph":[{"@type":"WebPage","@id":"https:\/\/stoll-freres.ch\/mentions-legales-et-confidentialite\/","url":"https:\/\/stoll-freres.ch\/mentions-legales-et-confidentialite\/","name":"Pr\u00e1vne inform\u00e1cie a d\u00f4vernos\u0165 - STOLL Fr\u00e8res SA","isPartOf":{"@id":"https:\/\/stoll-freres.ch\/#website"},"datePublished":"2025-01-14T14:32:54+00:00","dateModified":"2025-11-25T13:31:39+00:00","description":"T\u00e1to str\u00e1nka predstavuje pr\u00e1vne upozornenia a z\u00e1sady ochrany osobn\u00fdch \u00fadajov webovej str\u00e1nky stoll-freres.ch.","breadcrumb":{"@id":"https:\/\/stoll-freres.ch\/mentions-legales-et-confidentialite\/#breadcrumb"},"inLanguage":"sk-SK","potentialAction":[{"@type":"ReadAction","target":["https:\/\/stoll-freres.ch\/mentions-legales-et-confidentialite\/"]}]},{"@type":"BreadcrumbList","@id":"https:\/\/stoll-freres.ch\/mentions-legales-et-confidentialite\/#breadcrumb","itemListElement":[{"@type":"ListItem","position":1,"name":"Accueil","item":"https:\/\/stoll-freres.ch\/"},{"@type":"ListItem","position":2,"name":"Mentions l\u00e9gales et confidentialit\u00e9"}]},{"@type":"WebSite","@id":"https:\/\/stoll-freres.ch\/#website","url":"https:\/\/stoll-freres.ch\/","name":"STOLL Fr\u00e8res SA","description":"Ve\u013ekoobchod Primeurs","publisher":{"@id":"https:\/\/stoll-freres.ch\/#organization"},"potentialAction":[{"@type":"SearchAction","target":{"@type":"EntryPoint","urlTemplate":"https:\/\/stoll-freres.ch\/?s={search_term_string}"},"query-input":{"@type":"PropertyValueSpecification","valueRequired":true,"valueName":"search_term_string"}}],"inLanguage":"sk-SK"},{"@type":"Organization","@id":"https:\/\/stoll-freres.ch\/#organization","name":"STOLL Fr\u00e8res SA","url":"https:\/\/stoll-freres.ch\/","logo":{"@type":"ImageObject","inLanguage":"sk-SK","@id":"https:\/\/stoll-freres.ch\/#\/schema\/logo\/image\/","url":"https:\/\/stoll-freres.ch\/wp-content\/uploads\/2024\/10\/Stoll_Logo.png","contentUrl":"https:\/\/stoll-freres.ch\/wp-content\/uploads\/2024\/10\/Stoll_Logo.png","width":800,"height":452,"caption":"STOLL Fr\u00e8res SA"},"image":{"@id":"https:\/\/stoll-freres.ch\/#\/schema\/logo\/image\/"}}]}},"_links":{"self":[{"href":"https:\/\/stoll-freres.ch\/sk\/wp-json\/wp\/v2\/pages\/994","targetHints":{"allow":["GET"]}}],"collection":[{"href":"https:\/\/stoll-freres.ch\/sk\/wp-json\/wp\/v2\/pages"}],"about":[{"href":"https:\/\/stoll-freres.ch\/sk\/wp-json\/wp\/v2\/types\/page"}],"author":[{"embeddable":true,"href":"https:\/\/stoll-freres.ch\/sk\/wp-json\/wp\/v2\/users\/1"}],"replies":[{"embeddable":true,"href":"https:\/\/stoll-freres.ch\/sk\/wp-json\/wp\/v2\/comments?post=994"}],"version-history":[{"count":59,"href":"https:\/\/stoll-freres.ch\/sk\/wp-json\/wp\/v2\/pages\/994\/revisions"}],"predecessor-version":[{"id":1666,"href":"https:\/\/stoll-freres.ch\/sk\/wp-json\/wp\/v2\/pages\/994\/revisions\/1666"}],"wp:attachment":[{"href":"https:\/\/stoll-freres.ch\/sk\/wp-json\/wp\/v2\/media?parent=994"}],"curies":[{"name":"pracovn\u00fd list","href":"https:\/\/api.w.org\/{rel}","templated":true}]}}