{"id":994,"date":"2025-01-14T15:32:54","date_gmt":"2025-01-14T14:32:54","guid":{"rendered":"https:\/\/stoll-freres.ch\/?page_id=994"},"modified":"2025-11-25T14:31:39","modified_gmt":"2025-11-25T13:31:39","slug":"informazioni-legali-e-riservatezza","status":"publish","type":"page","link":"https:\/\/stoll-freres.ch\/it\/mentions-legales-et-confidentialite\/","title":{"rendered":"Informazioni legali e riservatezza"},"content":{"rendered":"<div data-elementor-type=\"wp-page\" data-elementor-id=\"994\" class=\"elementor elementor-994\" data-elementor-post-type=\"page\">\n\t\t\t\t\t\t<section class=\"elementor-section elementor-top-section elementor-element elementor-element-9ae861d elementor-section-height-min-height elementor-section-items-bottom elementor-section-boxed elementor-section-height-default\" data-id=\"9ae861d\" data-element_type=\"section\" data-e-type=\"section\" data-settings=\"{&quot;background_background&quot;:&quot;classic&quot;}\">\n\t\t\t\t\t\t<div class=\"elementor-container elementor-column-gap-default\">\n\t\t\t\t\t<div class=\"elementor-column elementor-col-100 elementor-top-column elementor-element elementor-element-f2ebb22\" data-id=\"f2ebb22\" data-element_type=\"column\" data-e-type=\"column\">\n\t\t\t<div class=\"elementor-widget-wrap elementor-element-populated\">\n\t\t\t\t\t\t<div class=\"elementor-element elementor-element-0a34558 elementor-widget elementor-widget-heading\" data-id=\"0a34558\" data-element_type=\"widget\" data-e-type=\"widget\" data-widget_type=\"heading.default\">\n\t\t\t\t<div class=\"elementor-widget-container\">\n\t\t\t\t\t<h1 class=\"elementor-heading-title elementor-size-default\">Riservatezza<\/h1>\t\t\t\t<\/div>\n\t\t\t\t<\/div>\n\t\t\t\t<div class=\"elementor-element elementor-element-4bf6898 elementor-widget elementor-widget-heading\" data-id=\"4bf6898\" data-element_type=\"widget\" data-e-type=\"widget\" data-widget_type=\"heading.default\">\n\t\t\t\t<div class=\"elementor-widget-container\">\n\t\t\t\t\t<h2 class=\"elementor-heading-title elementor-size-default\">Informazioni legali e riservatezza<\/h2>\t\t\t\t<\/div>\n\t\t\t\t<\/div>\n\t\t\t\t<div class=\"elementor-element elementor-element-0cc06c2 elementor-widget__width-initial elementor-widget elementor-widget-heading\" data-id=\"0cc06c2\" data-element_type=\"widget\" data-e-type=\"widget\" data-widget_type=\"heading.default\">\n\t\t\t\t<div class=\"elementor-widget-container\">\n\t\t\t\t\t<h2 class=\"elementor-heading-title elementor-size-default\">STOLL Fr\u00e8res SA<\/h2>\t\t\t\t<\/div>\n\t\t\t\t<\/div>\n\t\t\t\t<div class=\"elementor-element elementor-element-d8ec185 elementor-widget elementor-widget-spacer\" data-id=\"d8ec185\" data-element_type=\"widget\" data-e-type=\"widget\" data-widget_type=\"spacer.default\">\n\t\t\t\t<div class=\"elementor-widget-container\">\n\t\t\t\t\t\t\t<div class=\"elementor-spacer\">\n\t\t\t<div class=\"elementor-spacer-inner\"><\/div>\n\t\t<\/div>\n\t\t\t\t\t\t<\/div>\n\t\t\t\t<\/div>\n\t\t\t\t\t<\/div>\n\t\t<\/div>\n\t\t\t\t\t<\/div>\n\t\t<\/section>\n\t\t\t\t<section class=\"elementor-section elementor-top-section elementor-element elementor-element-9c0ef15 elementor-section-full_width elementor-section-height-default elementor-section-height-default\" data-id=\"9c0ef15\" data-element_type=\"section\" data-e-type=\"section\">\n\t\t\t\t\t\t<div class=\"elementor-container elementor-column-gap-default\">\n\t\t\t\t\t<div class=\"elementor-column elementor-col-100 elementor-top-column elementor-element elementor-element-703e515\" data-id=\"703e515\" data-element_type=\"column\" data-e-type=\"column\">\n\t\t\t<div class=\"elementor-widget-wrap elementor-element-populated\">\n\t\t\t\t\t\t<div class=\"elementor-element elementor-element-f3bbc79 elementor-widget-divider--view-line elementor-widget elementor-widget-divider\" data-id=\"f3bbc79\" data-element_type=\"widget\" data-e-type=\"widget\" data-widget_type=\"divider.default\">\n\t\t\t\t<div class=\"elementor-widget-container\">\n\t\t\t\t\t\t\t<div class=\"elementor-divider\">\n\t\t\t<span class=\"elementor-divider-separator\">\n\t\t\t\t\t\t<\/span>\n\t\t<\/div>\n\t\t\t\t\t\t<\/div>\n\t\t\t\t<\/div>\n\t\t\t\t\t<\/div>\n\t\t<\/div>\n\t\t\t\t\t<\/div>\n\t\t<\/section>\n\t\t\t\t<section class=\"elementor-section elementor-top-section elementor-element elementor-element-826bd05 confidentialite elementor-section-boxed elementor-section-height-default elementor-section-height-default\" data-id=\"826bd05\" data-element_type=\"section\" data-e-type=\"section\">\n\t\t\t\t\t\t<div class=\"elementor-container elementor-column-gap-default\">\n\t\t\t\t\t<div class=\"elementor-column elementor-col-100 elementor-top-column elementor-element elementor-element-f099545\" data-id=\"f099545\" data-element_type=\"column\" data-e-type=\"column\">\n\t\t\t<div class=\"elementor-widget-wrap elementor-element-populated\">\n\t\t\t\t\t\t<div class=\"elementor-element elementor-element-dbadf82 elementor-widget elementor-widget-text-editor\" data-id=\"dbadf82\" data-element_type=\"widget\" data-e-type=\"widget\" data-widget_type=\"text-editor.default\">\n\t\t\t\t<div class=\"elementor-widget-container\">\n\t\t\t\t\t\t\t\t\t<h2>Informativa sulla privacy<\/h2><p>Questa informativa sulla privacy riguarda il sito web stoll-freres.ch.<\/p><p>La protezione dei dati \u00e8 una questione di fiducia e la vostra fiducia \u00e8 importante per noi. Rispettiamo la vostra privacy e ci impegniamo a rispettare le normative vigenti in materia di protezione dei dati. Nei pochi punti che seguono spieghiamo quali dati raccogliamo, come lo facciamo e perch\u00e9.<\/p><h4>Protezione dei dati<\/h4><p>STOLL Fr\u00e8res SA rispetta i vostri diritti alla protezione dei dati personali come stabilito dalla legislazione svizzera sulla protezione dei dati. I dati personali che ci comunicate durante la vostra visita al nostro sito web (ad esempio il vostro indirizzo IP, l'indirizzo postale o l'indirizzo e-mail) vengono utilizzati esclusivamente ai fini del rapporto di clientela che intratteniamo con voi e per la fornitura di servizi specifici che ci avete richiesto. Questi dati vengono elaborati e utilizzati da STOLL Fr\u00e8res SA in conformit\u00e0 alla legge federale sulla protezione dei dati (nLPD).<\/p><h4>Moduli<\/h4><p>Quando vi iscrivete o vi registrate sul nostro sito stoll-fr\u00e8res.ch o per uno dei nostri servizi, o quando richiedete di ricevere la nostra newsletter o altre informazioni, vi verr\u00e0 chiesto di fornirci un certo numero di informazioni, come i vostri dati personali, i dati di fatturazione o i dati di identificazione. Siete inoltre liberi di inserire ulteriori dati. Quando ci contattate per posta, e-mail o telefono, potete anche condividere i vostri dati personali. Queste informazioni sono soggette alla vostra libera decisione e vengono utilizzate per l'invio postale o elettronico delle informazioni da voi richieste, nonch\u00e9 per l'instaurazione e lo sviluppo di relazioni commerciali e per il servizio clienti.<\/p><p>Inserendo i vostri dati personali, acconsentite alla raccolta, all'elaborazione e all'utilizzo di tali informazioni da parte di STOLL Fr\u00e8res SA come spiegato sopra.<\/p><p>Potete revocare il vostro consenso alla raccolta, al trattamento e all'utilizzo dei vostri dati personali in qualsiasi momento inviando una lettera informale a <a href=\"mailto:info@stoll-freres.ch\" target=\"_blank\" rel=\"noopener\">info@stoll-freres.ch<\/a>. In questo caso, i vostri dati saranno cancellati.<\/p><p>I dati personali non saranno trasmessi a terzi da STOLL Fr\u00e8res SA, a meno che ci\u00f2 non venga espressamente comunicato e che l'utente non abbia dato il proprio consenso.<\/p><h4>Biscotti<\/h4><p>Quando visitate il nostro sito web, installiamo dei \"cookie\", ossia dei file salvati sul vostro computer per permetterci di analizzare il vostro utilizzo del sito e rendere pi\u00f9 piacevole la vostra navigazione. Nessuno di questi cookie contiene dati personali che possano essere utilizzati per identificare l'utente. L'utente pu\u00f2 rifiutare i cookie o personalizzare le proprie preferenze alla prima visita al nostro sito, ma si prega di notare che in tal caso potrebbe non essere in grado di utilizzare appieno tutte le funzioni del sito.<\/p>\t\t\t\t\t\t\t\t<\/div>\n\t\t\t\t<\/div>\n\t\t\t\t<div class=\"elementor-element elementor-element-d1c44b2 puces elementor-widget elementor-widget-text-editor\" data-id=\"d1c44b2\" data-element_type=\"widget\" data-e-type=\"widget\" data-widget_type=\"text-editor.default\">\n\t\t\t\t<div class=\"elementor-widget-container\">\n\t\t\t\t\t\t\t\t\t<h2>Servizi di terze parti<\/h2><h4>Hosting del sito web<\/h4><p>Il nostro provider di hosting \u00e8 Infomaniak Network SA in Svizzera.<\/p><h4>Analisi<\/h4><p>Il nostro sito web utilizza Google Analytics. Questo sistema consente di effettuare diverse analisi delle visite e dell'utilizzo del nostro sito web.<\/p><p>Le informazioni raccolte comprendono il vostro indirizzo IP, la vostra configurazione (dispositivo, browser, risoluzione, ecc.), il vostro fornitore di accesso, la pagina consultata, la pagina precedente e le varie interazioni con il nostro sito (tempo di consultazione, clic, moduli compilati, ecc.).<\/p><p>Utilizziamo questi dati in forma anonima (anonimizzazione degli indirizzi IP) per migliorare i nostri servizi e le nostre offerte e per personalizzare il contenuto del nostro sito.<\/p><p>Il nostro fornitore di servizi \u00e8 la societ\u00e0 americana Google LLC. La societ\u00e0 irlandese Google Ireland Limited \u00e8 responsabile per gli utenti dello Spazio economico europeo (SEE) e della Svizzera.<\/p><h4>Mappa di Google<\/h4><p>Utilizziamo il servizio Google Maps per integrare le mappe nel nostro sito web. Google Maps \u00e8 un servizio offerto dalla societ\u00e0 americana Google LLC. La societ\u00e0 irlandese Google Ireland Limited \u00e8 responsabile per gli utenti dello Spazio economico europeo (SEE) e della Svizzera.<\/p><h4>Durata di conservazione<\/h4><p>I dati personali che trattiamo attraverso il nostro sito vengono archiviati come segue, a seconda del tipo di dati:<\/p><ul><li><strong>Google Analytics:<\/strong> i dati raccolti sono anonimizzati e abbiamo stabilito un periodo di conservazione di 1 anno, 1 mese e 4 giorni.<\/li><li>I vostri dati di contatto per l'elaborazione e l'evasione degli ordini vengono conservati per 10 anni in conformit\u00e0 alle normative svizzere.<\/li><\/ul><h4>Contatti\u00a0<\/h4><p>STOLL Fr\u00e8res SA<br \/>Rue des Uttins 35<br \/>CH-1400 Yverdon-les-Bains<br \/><a href=\"mailto:info@stoll-freres.ch\" target=\"_blank\" rel=\"noopener\">info@stoll-freres.ch<\/a><br \/><a href=\"tel:+41244473535\" target=\"_blank\" rel=\"noopener\">024 447 35 35<\/a><\/p>\t\t\t\t\t\t\t\t<\/div>\n\t\t\t\t<\/div>\n\t\t\t\t<div class=\"elementor-element elementor-element-913ffce elementor-widget-divider--view-line elementor-widget elementor-widget-divider\" data-id=\"913ffce\" data-element_type=\"widget\" data-e-type=\"widget\" data-widget_type=\"divider.default\">\n\t\t\t\t<div class=\"elementor-widget-container\">\n\t\t\t\t\t\t\t<div class=\"elementor-divider\">\n\t\t\t<span class=\"elementor-divider-separator\">\n\t\t\t\t\t\t<\/span>\n\t\t<\/div>\n\t\t\t\t\t\t<\/div>\n\t\t\t\t<\/div>\n\t\t\t\t\t<\/div>\n\t\t<\/div>\n\t\t\t\t\t<\/div>\n\t\t<\/section>\n\t\t\t\t<section class=\"elementor-section elementor-top-section elementor-element elementor-element-29420bb elementor-section-boxed elementor-section-height-default elementor-section-height-default\" data-id=\"29420bb\" data-element_type=\"section\" data-e-type=\"section\">\n\t\t\t\t\t\t<div class=\"elementor-container elementor-column-gap-default\">\n\t\t\t\t\t<div class=\"elementor-column elementor-col-100 elementor-top-column elementor-element elementor-element-79a245f\" data-id=\"79a245f\" data-element_type=\"column\" data-e-type=\"column\">\n\t\t\t<div class=\"elementor-widget-wrap elementor-element-populated\">\n\t\t\t\t\t\t<div class=\"elementor-element elementor-element-09b810e elementor-widget elementor-widget-heading\" data-id=\"09b810e\" data-element_type=\"widget\" data-e-type=\"widget\" data-widget_type=\"heading.default\">\n\t\t\t\t<div class=\"elementor-widget-container\">\n\t\t\t\t\t<h2 class=\"elementor-heading-title elementor-size-default\">Informazioni legali<\/h2>\t\t\t\t<\/div>\n\t\t\t\t<\/div>\n\t\t\t\t<section class=\"elementor-section elementor-inner-section elementor-element elementor-element-3825469 elementor-section-boxed elementor-section-height-default elementor-section-height-default\" data-id=\"3825469\" data-element_type=\"section\" data-e-type=\"section\">\n\t\t\t\t\t\t<div class=\"elementor-container elementor-column-gap-default\">\n\t\t\t\t\t<div class=\"elementor-column elementor-col-33 elementor-inner-column elementor-element elementor-element-255a7ef\" data-id=\"255a7ef\" data-element_type=\"column\" data-e-type=\"column\">\n\t\t\t<div class=\"elementor-widget-wrap elementor-element-populated\">\n\t\t\t\t\t\t<div class=\"elementor-element elementor-element-218c761 elementor-widget elementor-widget-text-editor\" data-id=\"218c761\" data-element_type=\"widget\" data-e-type=\"widget\" data-widget_type=\"text-editor.default\">\n\t\t\t\t<div class=\"elementor-widget-container\">\n\t\t\t\t\t\t\t\t\t<h4>Editore del sito web<\/h4><p>STOLL Fr\u00e8res SA<br \/>Rue des Uttins 35<br \/>CH-1400 Yverdon-les-Bains<br \/><a href=\"mailto:info@stoll-freres.ch\" target=\"_blank\" rel=\"noopener\">info@stoll-freres.ch<\/a><br \/><a href=\"tel:+41244473535\" target=\"_blank\" rel=\"noopener\">024 447 35 35<\/a><\/p>\t\t\t\t\t\t\t\t<\/div>\n\t\t\t\t<\/div>\n\t\t\t\t\t<\/div>\n\t\t<\/div>\n\t\t\t\t<div class=\"elementor-column elementor-col-33 elementor-inner-column elementor-element elementor-element-8f3afe2\" data-id=\"8f3afe2\" data-element_type=\"column\" data-e-type=\"column\">\n\t\t\t<div class=\"elementor-widget-wrap elementor-element-populated\">\n\t\t\t\t\t\t<div class=\"elementor-element elementor-element-04ebbd1 elementor-widget elementor-widget-text-editor\" data-id=\"04ebbd1\" data-element_type=\"widget\" data-e-type=\"widget\" data-widget_type=\"text-editor.default\">\n\t\t\t\t<div class=\"elementor-widget-container\">\n\t\t\t\t\t\t\t\t\t<h4>Creazione di un sito web<\/h4><p><a href=\"https:\/\/www.abelocom.ch\/\" target=\"_blank\" rel=\"noopener\">abelocom.ch<\/a><br \/><a href=\"https:\/\/www.zaniah.ch\/\" target=\"_blank\" rel=\"noopener\">zaniah.ch<\/a><\/p>\t\t\t\t\t\t\t\t<\/div>\n\t\t\t\t<\/div>\n\t\t\t\t\t<\/div>\n\t\t<\/div>\n\t\t\t\t<div class=\"elementor-column elementor-col-33 elementor-inner-column elementor-element elementor-element-31f7e7c\" data-id=\"31f7e7c\" data-element_type=\"column\" data-e-type=\"column\">\n\t\t\t<div class=\"elementor-widget-wrap elementor-element-populated\">\n\t\t\t\t\t\t<div class=\"elementor-element elementor-element-fc73e6a elementor-widget elementor-widget-text-editor\" data-id=\"fc73e6a\" data-element_type=\"widget\" data-e-type=\"widget\" data-widget_type=\"text-editor.default\">\n\t\t\t\t<div class=\"elementor-widget-container\">\n\t\t\t\t\t\t\t\t\t<h4>Crediti fotografici<\/h4><p>STOLL Fr\u00e8res SA<\/p>\t\t\t\t\t\t\t\t<\/div>\n\t\t\t\t<\/div>\n\t\t\t\t\t<\/div>\n\t\t<\/div>\n\t\t\t\t\t<\/div>\n\t\t<\/section>\n\t\t\t\t\t<\/div>\n\t\t<\/div>\n\t\t\t\t\t<\/div>\n\t\t<\/section>\n\t\t\t\t<\/div>","protected":false},"excerpt":{"rendered":"<p>Confidentialit\u00e9 Mentions l\u00e9gales et confidentialit\u00e9 STOLL Fr\u00e8res SA Politique de confidentialit\u00e9 La pr\u00e9sente politique de confidentialit\u00e9 concerne le site de stoll-freres.ch. La protection des donn\u00e9es est une question de confiance et votre confiance est importante pour nous. Nous respectons votre vie priv\u00e9e et nus nous effor\u00e7ons de nous conformer aux r\u00e8gles sur la protection des [&hellip;]<\/p>\n","protected":false},"author":1,"featured_media":0,"parent":0,"menu_order":0,"comment_status":"closed","ping_status":"closed","template":"","meta":{"footnotes":""},"class_list":["post-994","page","type-page","status-publish","hentry"],"yoast_head":"<!-- This site is optimized with the Yoast SEO plugin v27.5 - https:\/\/yoast.com\/product\/yoast-seo-wordpress\/ -->\n<title>Mentions l\u00e9gales et confidentialit\u00e9 - STOLL Fr\u00e8res SA<\/title>\n<meta name=\"description\" content=\"Cette page pr\u00e9sente les mentions l\u00e9gales et la politique de confidentialit\u00e9 du site internet stoll-freres.ch.\" \/>\n<meta name=\"robots\" content=\"index, follow, max-snippet:-1, max-image-preview:large, max-video-preview:-1\" \/>\n<link rel=\"canonical\" href=\"https:\/\/stoll-freres.ch\/it\/informazioni-legali-e-riservatezza\/\" \/>\n<meta property=\"og:locale\" content=\"it_IT\" \/>\n<meta property=\"og:type\" content=\"article\" \/>\n<meta property=\"og:title\" content=\"Mentions l\u00e9gales et confidentialit\u00e9 - STOLL Fr\u00e8res SA\" \/>\n<meta property=\"og:description\" content=\"Cette page pr\u00e9sente les mentions l\u00e9gales et la politique de confidentialit\u00e9 du site internet stoll-freres.ch.\" \/>\n<meta property=\"og:url\" content=\"https:\/\/stoll-freres.ch\/it\/informazioni-legali-e-riservatezza\/\" \/>\n<meta property=\"og:site_name\" content=\"STOLL Fr\u00e8res SA\" \/>\n<meta property=\"article:modified_time\" content=\"2025-11-25T13:31:39+00:00\" \/>\n<meta name=\"twitter:card\" content=\"summary_large_image\" \/>\n<meta name=\"twitter:label1\" content=\"Tempo di lettura stimato\" \/>\n\t<meta name=\"twitter:data1\" content=\"4 minuti\" \/>\n<script type=\"application\/ld+json\" class=\"yoast-schema-graph\">{\"@context\":\"https:\\\/\\\/schema.org\",\"@graph\":[{\"@type\":\"WebPage\",\"@id\":\"https:\\\/\\\/stoll-freres.ch\\\/mentions-legales-et-confidentialite\\\/\",\"url\":\"https:\\\/\\\/stoll-freres.ch\\\/mentions-legales-et-confidentialite\\\/\",\"name\":\"Mentions l\u00e9gales et confidentialit\u00e9 - STOLL Fr\u00e8res SA\",\"isPartOf\":{\"@id\":\"https:\\\/\\\/stoll-freres.ch\\\/#website\"},\"datePublished\":\"2025-01-14T14:32:54+00:00\",\"dateModified\":\"2025-11-25T13:31:39+00:00\",\"description\":\"Cette page pr\u00e9sente les mentions l\u00e9gales et la politique de confidentialit\u00e9 du site internet stoll-freres.ch.\",\"breadcrumb\":{\"@id\":\"https:\\\/\\\/stoll-freres.ch\\\/mentions-legales-et-confidentialite\\\/#breadcrumb\"},\"inLanguage\":\"it-IT\",\"potentialAction\":[{\"@type\":\"ReadAction\",\"target\":[\"https:\\\/\\\/stoll-freres.ch\\\/mentions-legales-et-confidentialite\\\/\"]}]},{\"@type\":\"BreadcrumbList\",\"@id\":\"https:\\\/\\\/stoll-freres.ch\\\/mentions-legales-et-confidentialite\\\/#breadcrumb\",\"itemListElement\":[{\"@type\":\"ListItem\",\"position\":1,\"name\":\"Accueil\",\"item\":\"https:\\\/\\\/stoll-freres.ch\\\/\"},{\"@type\":\"ListItem\",\"position\":2,\"name\":\"Mentions l\u00e9gales et confidentialit\u00e9\"}]},{\"@type\":\"WebSite\",\"@id\":\"https:\\\/\\\/stoll-freres.ch\\\/#website\",\"url\":\"https:\\\/\\\/stoll-freres.ch\\\/\",\"name\":\"STOLL Fr\u00e8res SA\",\"description\":\"Primeurs en gros\",\"publisher\":{\"@id\":\"https:\\\/\\\/stoll-freres.ch\\\/#organization\"},\"potentialAction\":[{\"@type\":\"SearchAction\",\"target\":{\"@type\":\"EntryPoint\",\"urlTemplate\":\"https:\\\/\\\/stoll-freres.ch\\\/?s={search_term_string}\"},\"query-input\":{\"@type\":\"PropertyValueSpecification\",\"valueRequired\":true,\"valueName\":\"search_term_string\"}}],\"inLanguage\":\"it-IT\"},{\"@type\":\"Organization\",\"@id\":\"https:\\\/\\\/stoll-freres.ch\\\/#organization\",\"name\":\"STOLL Fr\u00e8res SA\",\"url\":\"https:\\\/\\\/stoll-freres.ch\\\/\",\"logo\":{\"@type\":\"ImageObject\",\"inLanguage\":\"it-IT\",\"@id\":\"https:\\\/\\\/stoll-freres.ch\\\/#\\\/schema\\\/logo\\\/image\\\/\",\"url\":\"https:\\\/\\\/stoll-freres.ch\\\/wp-content\\\/uploads\\\/2024\\\/10\\\/Stoll_Logo.png\",\"contentUrl\":\"https:\\\/\\\/stoll-freres.ch\\\/wp-content\\\/uploads\\\/2024\\\/10\\\/Stoll_Logo.png\",\"width\":800,\"height\":452,\"caption\":\"STOLL Fr\u00e8res SA\"},\"image\":{\"@id\":\"https:\\\/\\\/stoll-freres.ch\\\/#\\\/schema\\\/logo\\\/image\\\/\"}}]}<\/script>\n<!-- \/ Yoast SEO plugin. -->","yoast_head_json":{"title":"Informazioni legali e riservatezza - STOLL Fr\u00e8res SA","description":"In questa pagina sono presentate le note legali e l&#039;informativa sulla privacy del sito web stoll-freres.ch.","robots":{"index":"index","follow":"follow","max-snippet":"max-snippet:-1","max-image-preview":"max-image-preview:large","max-video-preview":"max-video-preview:-1"},"canonical":"https:\/\/stoll-freres.ch\/it\/informazioni-legali-e-riservatezza\/","og_locale":"it_IT","og_type":"article","og_title":"Mentions l\u00e9gales et confidentialit\u00e9 - STOLL Fr\u00e8res SA","og_description":"Cette page pr\u00e9sente les mentions l\u00e9gales et la politique de confidentialit\u00e9 du site internet stoll-freres.ch.","og_url":"https:\/\/stoll-freres.ch\/it\/informazioni-legali-e-riservatezza\/","og_site_name":"STOLL Fr\u00e8res SA","article_modified_time":"2025-11-25T13:31:39+00:00","twitter_card":"summary_large_image","twitter_misc":{"Tempo di lettura stimato":"4 minuti"},"schema":{"@context":"https:\/\/schema.org","@graph":[{"@type":"WebPage","@id":"https:\/\/stoll-freres.ch\/mentions-legales-et-confidentialite\/","url":"https:\/\/stoll-freres.ch\/mentions-legales-et-confidentialite\/","name":"Informazioni legali e riservatezza - STOLL Fr\u00e8res SA","isPartOf":{"@id":"https:\/\/stoll-freres.ch\/#website"},"datePublished":"2025-01-14T14:32:54+00:00","dateModified":"2025-11-25T13:31:39+00:00","description":"In questa pagina sono presentate le note legali e l&#039;informativa sulla privacy del sito web stoll-freres.ch.","breadcrumb":{"@id":"https:\/\/stoll-freres.ch\/mentions-legales-et-confidentialite\/#breadcrumb"},"inLanguage":"it-IT","potentialAction":[{"@type":"ReadAction","target":["https:\/\/stoll-freres.ch\/mentions-legales-et-confidentialite\/"]}]},{"@type":"BreadcrumbList","@id":"https:\/\/stoll-freres.ch\/mentions-legales-et-confidentialite\/#breadcrumb","itemListElement":[{"@type":"ListItem","position":1,"name":"Accueil","item":"https:\/\/stoll-freres.ch\/"},{"@type":"ListItem","position":2,"name":"Mentions l\u00e9gales et confidentialit\u00e9"}]},{"@type":"WebSite","@id":"https:\/\/stoll-freres.ch\/#website","url":"https:\/\/stoll-freres.ch\/","name":"STOLL Fr\u00e8res SA","description":"Ingrosso Primeurs","publisher":{"@id":"https:\/\/stoll-freres.ch\/#organization"},"potentialAction":[{"@type":"SearchAction","target":{"@type":"EntryPoint","urlTemplate":"https:\/\/stoll-freres.ch\/?s={search_term_string}"},"query-input":{"@type":"PropertyValueSpecification","valueRequired":true,"valueName":"search_term_string"}}],"inLanguage":"it-IT"},{"@type":"Organization","@id":"https:\/\/stoll-freres.ch\/#organization","name":"STOLL Fr\u00e8res SA","url":"https:\/\/stoll-freres.ch\/","logo":{"@type":"ImageObject","inLanguage":"it-IT","@id":"https:\/\/stoll-freres.ch\/#\/schema\/logo\/image\/","url":"https:\/\/stoll-freres.ch\/wp-content\/uploads\/2024\/10\/Stoll_Logo.png","contentUrl":"https:\/\/stoll-freres.ch\/wp-content\/uploads\/2024\/10\/Stoll_Logo.png","width":800,"height":452,"caption":"STOLL Fr\u00e8res SA"},"image":{"@id":"https:\/\/stoll-freres.ch\/#\/schema\/logo\/image\/"}}]}},"_links":{"self":[{"href":"https:\/\/stoll-freres.ch\/it\/wp-json\/wp\/v2\/pages\/994","targetHints":{"allow":["GET"]}}],"collection":[{"href":"https:\/\/stoll-freres.ch\/it\/wp-json\/wp\/v2\/pages"}],"about":[{"href":"https:\/\/stoll-freres.ch\/it\/wp-json\/wp\/v2\/types\/page"}],"author":[{"embeddable":true,"href":"https:\/\/stoll-freres.ch\/it\/wp-json\/wp\/v2\/users\/1"}],"replies":[{"embeddable":true,"href":"https:\/\/stoll-freres.ch\/it\/wp-json\/wp\/v2\/comments?post=994"}],"version-history":[{"count":59,"href":"https:\/\/stoll-freres.ch\/it\/wp-json\/wp\/v2\/pages\/994\/revisions"}],"predecessor-version":[{"id":1666,"href":"https:\/\/stoll-freres.ch\/it\/wp-json\/wp\/v2\/pages\/994\/revisions\/1666"}],"wp:attachment":[{"href":"https:\/\/stoll-freres.ch\/it\/wp-json\/wp\/v2\/media?parent=994"}],"curies":[{"name":"parola chiave","href":"https:\/\/api.w.org\/{rel}","templated":true}]}}