{"id":994,"date":"2025-01-14T15:32:54","date_gmt":"2025-01-14T14:32:54","guid":{"rendered":"https:\/\/stoll-freres.ch\/?page_id=994"},"modified":"2025-11-25T14:31:39","modified_gmt":"2025-11-25T13:31:39","slug":"jogi-informaciok-es-titoktartas","status":"publish","type":"page","link":"https:\/\/stoll-freres.ch\/hu\/mentions-legales-et-confidentialite\/","title":{"rendered":"Jogi inform\u00e1ci\u00f3k \u00e9s titoktart\u00e1s"},"content":{"rendered":"<div data-elementor-type=\"wp-page\" data-elementor-id=\"994\" class=\"elementor elementor-994\" data-elementor-post-type=\"page\">\n\t\t\t\t\t\t<section class=\"elementor-section elementor-top-section elementor-element elementor-element-9ae861d elementor-section-height-min-height elementor-section-items-bottom elementor-section-boxed elementor-section-height-default\" data-id=\"9ae861d\" data-element_type=\"section\" data-e-type=\"section\" data-settings=\"{&quot;background_background&quot;:&quot;classic&quot;}\">\n\t\t\t\t\t\t<div class=\"elementor-container elementor-column-gap-default\">\n\t\t\t\t\t<div class=\"elementor-column elementor-col-100 elementor-top-column elementor-element elementor-element-f2ebb22\" data-id=\"f2ebb22\" data-element_type=\"column\" data-e-type=\"column\">\n\t\t\t<div class=\"elementor-widget-wrap elementor-element-populated\">\n\t\t\t\t\t\t<div class=\"elementor-element elementor-element-0a34558 elementor-widget elementor-widget-heading\" data-id=\"0a34558\" data-element_type=\"widget\" data-e-type=\"widget\" data-widget_type=\"heading.default\">\n\t\t\t\t<div class=\"elementor-widget-container\">\n\t\t\t\t\t<h1 class=\"elementor-heading-title elementor-size-default\">Bizalmass\u00e1g<\/h1>\t\t\t\t<\/div>\n\t\t\t\t<\/div>\n\t\t\t\t<div class=\"elementor-element elementor-element-4bf6898 elementor-widget elementor-widget-heading\" data-id=\"4bf6898\" data-element_type=\"widget\" data-e-type=\"widget\" data-widget_type=\"heading.default\">\n\t\t\t\t<div class=\"elementor-widget-container\">\n\t\t\t\t\t<h2 class=\"elementor-heading-title elementor-size-default\">Jogi inform\u00e1ci\u00f3k \u00e9s titoktart\u00e1s<\/h2>\t\t\t\t<\/div>\n\t\t\t\t<\/div>\n\t\t\t\t<div class=\"elementor-element elementor-element-0cc06c2 elementor-widget__width-initial elementor-widget elementor-widget-heading\" data-id=\"0cc06c2\" data-element_type=\"widget\" data-e-type=\"widget\" data-widget_type=\"heading.default\">\n\t\t\t\t<div class=\"elementor-widget-container\">\n\t\t\t\t\t<h2 class=\"elementor-heading-title elementor-size-default\">STOLL Fr\u00e8res SA<\/h2>\t\t\t\t<\/div>\n\t\t\t\t<\/div>\n\t\t\t\t<div class=\"elementor-element elementor-element-d8ec185 elementor-widget elementor-widget-spacer\" data-id=\"d8ec185\" data-element_type=\"widget\" data-e-type=\"widget\" data-widget_type=\"spacer.default\">\n\t\t\t\t<div class=\"elementor-widget-container\">\n\t\t\t\t\t\t\t<div class=\"elementor-spacer\">\n\t\t\t<div class=\"elementor-spacer-inner\"><\/div>\n\t\t<\/div>\n\t\t\t\t\t\t<\/div>\n\t\t\t\t<\/div>\n\t\t\t\t\t<\/div>\n\t\t<\/div>\n\t\t\t\t\t<\/div>\n\t\t<\/section>\n\t\t\t\t<section class=\"elementor-section elementor-top-section elementor-element elementor-element-9c0ef15 elementor-section-full_width elementor-section-height-default elementor-section-height-default\" data-id=\"9c0ef15\" data-element_type=\"section\" data-e-type=\"section\">\n\t\t\t\t\t\t<div class=\"elementor-container elementor-column-gap-default\">\n\t\t\t\t\t<div class=\"elementor-column elementor-col-100 elementor-top-column elementor-element elementor-element-703e515\" data-id=\"703e515\" data-element_type=\"column\" data-e-type=\"column\">\n\t\t\t<div class=\"elementor-widget-wrap elementor-element-populated\">\n\t\t\t\t\t\t<div class=\"elementor-element elementor-element-f3bbc79 elementor-widget-divider--view-line elementor-widget elementor-widget-divider\" data-id=\"f3bbc79\" data-element_type=\"widget\" data-e-type=\"widget\" data-widget_type=\"divider.default\">\n\t\t\t\t<div class=\"elementor-widget-container\">\n\t\t\t\t\t\t\t<div class=\"elementor-divider\">\n\t\t\t<span class=\"elementor-divider-separator\">\n\t\t\t\t\t\t<\/span>\n\t\t<\/div>\n\t\t\t\t\t\t<\/div>\n\t\t\t\t<\/div>\n\t\t\t\t\t<\/div>\n\t\t<\/div>\n\t\t\t\t\t<\/div>\n\t\t<\/section>\n\t\t\t\t<section class=\"elementor-section elementor-top-section elementor-element elementor-element-826bd05 confidentialite elementor-section-boxed elementor-section-height-default elementor-section-height-default\" data-id=\"826bd05\" data-element_type=\"section\" data-e-type=\"section\">\n\t\t\t\t\t\t<div class=\"elementor-container elementor-column-gap-default\">\n\t\t\t\t\t<div class=\"elementor-column elementor-col-100 elementor-top-column elementor-element elementor-element-f099545\" data-id=\"f099545\" data-element_type=\"column\" data-e-type=\"column\">\n\t\t\t<div class=\"elementor-widget-wrap elementor-element-populated\">\n\t\t\t\t\t\t<div class=\"elementor-element elementor-element-dbadf82 elementor-widget elementor-widget-text-editor\" data-id=\"dbadf82\" data-element_type=\"widget\" data-e-type=\"widget\" data-widget_type=\"text-editor.default\">\n\t\t\t\t<div class=\"elementor-widget-container\">\n\t\t\t\t\t\t\t\t\t<h2>Adatv\u00e9delmi szab\u00e1lyzat<\/h2><p>Ez az adatv\u00e9delmi szab\u00e1lyzat a stoll-freres.ch weboldalra vonatkozik.<\/p><p>Az adatv\u00e9delem bizalom k\u00e9rd\u00e9se, \u00e9s az \u00d6n bizalma fontos sz\u00e1munkra. Tiszteletben tartjuk az \u00d6n mag\u00e1n\u00e9let\u00e9t, \u00e9s igyeksz\u00fcnk megfelelni a vonatkoz\u00f3 adatv\u00e9delmi el\u0151\u00edr\u00e1soknak. Az al\u00e1bbi n\u00e9h\u00e1ny pontban elmagyar\u00e1zzuk, milyen adatokat gy\u0171jt\u00fcnk, hogyan \u00e9s mi\u00e9rt.<\/p><h4>Adatv\u00e9delem<\/h4><p>A STOLL Fr\u00e8res SA tiszteletben tartja az \u00d6n szem\u00e9lyes adatainak v\u00e9delm\u00e9hez f\u0171z\u0151d\u0151 jogait a sv\u00e1jci adatv\u00e9delmi jogszab\u00e1lyokban meghat\u00e1rozottak szerint. Minden szem\u00e9lyes adatot, amelyet a weboldalunkon tett l\u00e1togat\u00e1sa sor\u00e1n k\u00f6z\u00f6l vel\u00fcnk (pl. IP-c\u00edm\u00e9t, postai c\u00edm\u00e9t vagy e-mail c\u00edm\u00e9t), kiz\u00e1r\u00f3lag az \u00d6nnel fenntartott \u00fcgyf\u00e9lkapcsolat \u00e9s az \u00d6n \u00e1ltal k\u00e9rt konkr\u00e9t szolg\u00e1ltat\u00e1sok ny\u00fajt\u00e1sa c\u00e9lj\u00e1b\u00f3l haszn\u00e1lunk fel. Ezeket az adatokat a STOLL Fr\u00e8res SA a sz\u00f6vets\u00e9gi adatv\u00e9delmi t\u00f6rv\u00e9nynek (nLPD) megfelel\u0151en dolgozza fel \u00e9s haszn\u00e1lja fel.<\/p><h4>Nyomtatv\u00e1nyok<\/h4><p>Amikor regisztr\u00e1l vagy regisztr\u00e1l a stoll-fr\u00e8res.ch weboldalon vagy valamelyik szolg\u00e1ltat\u00e1sunkra, vagy amikor h\u00edrlevel\u00fcnket vagy m\u00e1s inform\u00e1ci\u00f3kat k\u00e9r, akkor bizonyos mennyis\u00e9g\u0171 inform\u00e1ci\u00f3t kell megadnia nek\u00fcnk, p\u00e9ld\u00e1ul szem\u00e9lyes adatait, sz\u00e1ml\u00e1z\u00e1si adatait vagy azonos\u00edt\u00f3 adatait. \u00d6n szabadon megadhat tov\u00e1bbi adatokat is. Amikor postai \u00faton, e-mailben vagy telefonon l\u00e9p kapcsolatba vel\u00fcnk, szint\u00e9n megoszthatja szem\u00e9lyes adatait. Ezek az adatok az \u00d6n szabad d\u00f6nt\u00e9s\u00e9t\u0151l f\u00fcggnek, \u00e9s az \u00d6n \u00e1ltal t\u0151l\u00fcnk k\u00e9rt inform\u00e1ci\u00f3k postai vagy elektronikus elk\u00fcld\u00e9s\u00e9re, valamint az \u00fczleti kapcsolatok \u00e9s az \u00fcgyf\u00e9lszolg\u00e1lat kialak\u00edt\u00e1s\u00e1ra \u00e9s fejleszt\u00e9s\u00e9re haszn\u00e1ljuk fel.<\/p><p>Szem\u00e9lyes adatainak megad\u00e1s\u00e1val \u00d6n hozz\u00e1j\u00e1rul\u00e1s\u00e1t adja ahhoz, hogy a STOLL Fr\u00e8res SA a fentiek szerint gy\u0171jtse, feldolgozza \u00e9s felhaszn\u00e1lja ezeket az adatokat.<\/p><p>\u00d6n b\u00e1rmikor visszavonhatja a szem\u00e9lyes adatainak gy\u0171jt\u00e9s\u00e9hez, feldolgoz\u00e1s\u00e1hoz \u00e9s felhaszn\u00e1l\u00e1s\u00e1hoz adott hozz\u00e1j\u00e1rul\u00e1s\u00e1t az al\u00e1bbi c\u00edmre k\u00fcld\u00f6tt nem hivatalos lev\u00e9llel <a href=\"mailto:info@stoll-freres.ch\" target=\"_blank\" rel=\"noopener\">info@stoll-freres.ch<\/a>. Ebben az esetben az \u00d6n adatai t\u00f6rl\u00e9sre ker\u00fclnek.<\/p><p>A STOLL Fr\u00e8res SA nem ad \u00e1t szem\u00e9lyes adatokat harmadik f\u00e9lnek, kiv\u00e9ve, ha ezt kifejezetten k\u00f6zlik, \u00e9s \u00d6n ehhez hozz\u00e1j\u00e1rult.<\/p><h4>S\u00fctik<\/h4><p>Amikor megl\u00e1togatja weboldalunkat, \"s\u00fctiket\", azaz az \u00d6n sz\u00e1m\u00edt\u00f3g\u00e9p\u00e9re mentett f\u00e1jlokat telep\u00edt\u00fcnk, amelyek lehet\u0151v\u00e9 teszik sz\u00e1munkra, hogy elemezz\u00fck weboldalunk haszn\u00e1lat\u00e1t, \u00e9s kellemesebb\u00e9 tegy\u00fck a b\u00f6ng\u00e9sz\u00e9st. Ezek a s\u00fctik nem tartalmaznak olyan szem\u00e9lyes adatokat, amelyek alapj\u00e1n \u00d6nt azonos\u00edtani lehetne. Az oldalunk els\u0151 l\u00e1togat\u00e1sakor elutas\u00edthatja a cookie-kat vagy szem\u00e9lyre szabhatja be\u00e1ll\u00edt\u00e1sait, de k\u00e9rj\u00fck, vegye figyelembe, hogy ebben az esetben el\u0151fordulhat, hogy nem tudja teljes m\u00e9rt\u00e9kben haszn\u00e1lni a weboldal \u00f6sszes funkci\u00f3j\u00e1t.<\/p>\t\t\t\t\t\t\t\t<\/div>\n\t\t\t\t<\/div>\n\t\t\t\t<div class=\"elementor-element elementor-element-d1c44b2 puces elementor-widget elementor-widget-text-editor\" data-id=\"d1c44b2\" data-element_type=\"widget\" data-e-type=\"widget\" data-widget_type=\"text-editor.default\">\n\t\t\t\t<div class=\"elementor-widget-container\">\n\t\t\t\t\t\t\t\t\t<h2>Harmadik f\u00e9l \u00e1ltal ny\u00fajtott szolg\u00e1ltat\u00e1sok<\/h2><h4>Webhely hosting<\/h4><p>A t\u00e1rhelyszolg\u00e1ltat\u00f3nk a sv\u00e1jci Infomaniak Network SA.<\/p><h4>Analitika<\/h4><p>Weboldalunk a Google Analytics szolg\u00e1ltat\u00e1st haszn\u00e1lja. Ez a rendszer lehet\u0151v\u00e9 teszi, hogy k\u00fcl\u00f6nb\u00f6z\u0151 elemz\u00e9seket v\u00e9gezz\u00fcnk a weboldalunk l\u00e1togat\u00e1sair\u00f3l \u00e9s haszn\u00e1lat\u00e1r\u00f3l.<\/p><p>Az \u00f6sszegy\u0171jt\u00f6tt inform\u00e1ci\u00f3k k\u00f6z\u00e9 tartozik az \u00d6n IP-c\u00edme, az \u00d6n konfigur\u00e1ci\u00f3ja (eszk\u00f6z, b\u00f6ng\u00e9sz\u0151, felbont\u00e1s stb.), az \u00d6n hozz\u00e1f\u00e9r\u00e9si szolg\u00e1ltat\u00f3ja, a megtekintett oldal, az el\u0151z\u0151 oldal \u00e9s a weboldalunkkal val\u00f3 k\u00fcl\u00f6nb\u00f6z\u0151 interakci\u00f3k (konzult\u00e1ci\u00f3s id\u0151, kattint\u00e1sok, kit\u00f6lt\u00f6tt \u0171rlapok stb.).<\/p><p>Ezeket az adatokat anonim m\u00f3don haszn\u00e1ljuk fel (az IP-c\u00edmek anonimiz\u00e1l\u00e1sa), hogy jav\u00edtsuk szolg\u00e1ltat\u00e1sainkat \u00e9s aj\u00e1nlatainkat, valamint szem\u00e9lyre szabjuk weboldalunk tartalm\u00e1t.<\/p><p>Szolg\u00e1ltat\u00f3nk az amerikai Google LLC v\u00e1llalat. Az Eur\u00f3pai Gazdas\u00e1gi T\u00e9rs\u00e9gben (EGT) \u00e9s Sv\u00e1jcban \u00e9l\u0151 felhaszn\u00e1l\u00f3k\u00e9rt az \u00edr Google Ireland Limited felel.<\/p><h4>Google T\u00e9rk\u00e9p<\/h4><p>A Google Maps szolg\u00e1ltat\u00e1st haszn\u00e1ljuk a t\u00e9rk\u00e9pek weboldalunkba t\u00f6rt\u00e9n\u0151 integr\u00e1l\u00e1s\u00e1hoz. A Google Maps az amerikai Google LLC v\u00e1llalat \u00e1ltal k\u00edn\u00e1lt szolg\u00e1ltat\u00e1s. Az Eur\u00f3pai Gazdas\u00e1gi T\u00e9rs\u00e9gben (EGT) \u00e9s Sv\u00e1jcban \u00e9l\u0151 felhaszn\u00e1l\u00f3k\u00e9rt az \u00edr Google Ireland Limited felel.<\/p><h4>Szavatoss\u00e1gi id\u0151<\/h4><p>A honlapunkon kereszt\u00fcl feldolgozott szem\u00e9lyes adatokat az adatt\u00edpust\u00f3l f\u00fcgg\u0151en a k\u00f6vetkez\u0151k\u00e9ppen t\u00e1roljuk:<\/p><ul><li><strong>Google Analytics:<\/strong> az \u00f6sszegy\u0171jt\u00f6tt adatokat anonimiz\u00e1ljuk, \u00e9s a meg\u0151rz\u00e9si id\u0151t 1 \u00e9v, 1 h\u00f3nap \u00e9s 4 napban hat\u00e1roztuk meg.<\/li><li>A sv\u00e1jci el\u0151\u00edr\u00e1soknak megfelel\u0151en a megrendel\u00e9sek feldolgoz\u00e1s\u00e1hoz sz\u00fcks\u00e9ges el\u00e9rhet\u0151s\u00e9gi adatait 10 \u00e9vig t\u00e1roljuk.<\/li><\/ul><h4>Kapcsolat\u00a0<\/h4><p>STOLL Fr\u00e8res SA<br \/>Rue des Uttins 35<br \/>CH-1400 Yverdon-les-Bains<br \/><a href=\"mailto:info@stoll-freres.ch\" target=\"_blank\" rel=\"noopener\">info@stoll-freres.ch<\/a><br \/><a href=\"tel:+41244473535\" target=\"_blank\" rel=\"noopener\">024 447 35 35<\/a><\/p>\t\t\t\t\t\t\t\t<\/div>\n\t\t\t\t<\/div>\n\t\t\t\t<div class=\"elementor-element elementor-element-913ffce elementor-widget-divider--view-line elementor-widget elementor-widget-divider\" data-id=\"913ffce\" data-element_type=\"widget\" data-e-type=\"widget\" data-widget_type=\"divider.default\">\n\t\t\t\t<div class=\"elementor-widget-container\">\n\t\t\t\t\t\t\t<div class=\"elementor-divider\">\n\t\t\t<span class=\"elementor-divider-separator\">\n\t\t\t\t\t\t<\/span>\n\t\t<\/div>\n\t\t\t\t\t\t<\/div>\n\t\t\t\t<\/div>\n\t\t\t\t\t<\/div>\n\t\t<\/div>\n\t\t\t\t\t<\/div>\n\t\t<\/section>\n\t\t\t\t<section class=\"elementor-section elementor-top-section elementor-element elementor-element-29420bb elementor-section-boxed elementor-section-height-default elementor-section-height-default\" data-id=\"29420bb\" data-element_type=\"section\" data-e-type=\"section\">\n\t\t\t\t\t\t<div class=\"elementor-container elementor-column-gap-default\">\n\t\t\t\t\t<div class=\"elementor-column elementor-col-100 elementor-top-column elementor-element elementor-element-79a245f\" data-id=\"79a245f\" data-element_type=\"column\" data-e-type=\"column\">\n\t\t\t<div class=\"elementor-widget-wrap elementor-element-populated\">\n\t\t\t\t\t\t<div class=\"elementor-element elementor-element-09b810e elementor-widget elementor-widget-heading\" data-id=\"09b810e\" data-element_type=\"widget\" data-e-type=\"widget\" data-widget_type=\"heading.default\">\n\t\t\t\t<div class=\"elementor-widget-container\">\n\t\t\t\t\t<h2 class=\"elementor-heading-title elementor-size-default\">Jogi inform\u00e1ci\u00f3k<\/h2>\t\t\t\t<\/div>\n\t\t\t\t<\/div>\n\t\t\t\t<section class=\"elementor-section elementor-inner-section elementor-element elementor-element-3825469 elementor-section-boxed elementor-section-height-default elementor-section-height-default\" data-id=\"3825469\" data-element_type=\"section\" data-e-type=\"section\">\n\t\t\t\t\t\t<div class=\"elementor-container elementor-column-gap-default\">\n\t\t\t\t\t<div class=\"elementor-column elementor-col-33 elementor-inner-column elementor-element elementor-element-255a7ef\" data-id=\"255a7ef\" data-element_type=\"column\" data-e-type=\"column\">\n\t\t\t<div class=\"elementor-widget-wrap elementor-element-populated\">\n\t\t\t\t\t\t<div class=\"elementor-element elementor-element-218c761 elementor-widget elementor-widget-text-editor\" data-id=\"218c761\" data-element_type=\"widget\" data-e-type=\"widget\" data-widget_type=\"text-editor.default\">\n\t\t\t\t<div class=\"elementor-widget-container\">\n\t\t\t\t\t\t\t\t\t<h4>Weboldal szerkeszt\u0151<\/h4><p>STOLL Fr\u00e8res SA<br \/>Rue des Uttins 35<br \/>CH-1400 Yverdon-les-Bains<br \/><a href=\"mailto:info@stoll-freres.ch\" target=\"_blank\" rel=\"noopener\">info@stoll-freres.ch<\/a><br \/><a href=\"tel:+41244473535\" target=\"_blank\" rel=\"noopener\">024 447 35 35<\/a><\/p>\t\t\t\t\t\t\t\t<\/div>\n\t\t\t\t<\/div>\n\t\t\t\t\t<\/div>\n\t\t<\/div>\n\t\t\t\t<div class=\"elementor-column elementor-col-33 elementor-inner-column elementor-element elementor-element-8f3afe2\" data-id=\"8f3afe2\" data-element_type=\"column\" data-e-type=\"column\">\n\t\t\t<div class=\"elementor-widget-wrap elementor-element-populated\">\n\t\t\t\t\t\t<div class=\"elementor-element elementor-element-04ebbd1 elementor-widget elementor-widget-text-editor\" data-id=\"04ebbd1\" data-element_type=\"widget\" data-e-type=\"widget\" data-widget_type=\"text-editor.default\">\n\t\t\t\t<div class=\"elementor-widget-container\">\n\t\t\t\t\t\t\t\t\t<h4>Weboldal l\u00e9trehoz\u00e1sa<\/h4><p><a href=\"https:\/\/www.abelocom.ch\/\" target=\"_blank\" rel=\"noopener\">abelocom.ch<\/a><br \/><a href=\"https:\/\/www.zaniah.ch\/\" target=\"_blank\" rel=\"noopener\">zaniah.ch<\/a><\/p>\t\t\t\t\t\t\t\t<\/div>\n\t\t\t\t<\/div>\n\t\t\t\t\t<\/div>\n\t\t<\/div>\n\t\t\t\t<div class=\"elementor-column elementor-col-33 elementor-inner-column elementor-element elementor-element-31f7e7c\" data-id=\"31f7e7c\" data-element_type=\"column\" data-e-type=\"column\">\n\t\t\t<div class=\"elementor-widget-wrap elementor-element-populated\">\n\t\t\t\t\t\t<div class=\"elementor-element elementor-element-fc73e6a elementor-widget elementor-widget-text-editor\" data-id=\"fc73e6a\" data-element_type=\"widget\" data-e-type=\"widget\" data-widget_type=\"text-editor.default\">\n\t\t\t\t<div class=\"elementor-widget-container\">\n\t\t\t\t\t\t\t\t\t<h4>Fot\u00f3 kreditpontok<\/h4><p>STOLL Fr\u00e8res SA<\/p>\t\t\t\t\t\t\t\t<\/div>\n\t\t\t\t<\/div>\n\t\t\t\t\t<\/div>\n\t\t<\/div>\n\t\t\t\t\t<\/div>\n\t\t<\/section>\n\t\t\t\t\t<\/div>\n\t\t<\/div>\n\t\t\t\t\t<\/div>\n\t\t<\/section>\n\t\t\t\t<\/div>","protected":false},"excerpt":{"rendered":"<p>Confidentialit\u00e9 Mentions l\u00e9gales et confidentialit\u00e9 STOLL Fr\u00e8res SA Politique de confidentialit\u00e9 La pr\u00e9sente politique de confidentialit\u00e9 concerne le site de stoll-freres.ch. La protection des donn\u00e9es est une question de confiance et votre confiance est importante pour nous. Nous respectons votre vie priv\u00e9e et nus nous effor\u00e7ons de nous conformer aux r\u00e8gles sur la protection des [&hellip;]<\/p>\n","protected":false},"author":1,"featured_media":0,"parent":0,"menu_order":0,"comment_status":"closed","ping_status":"closed","template":"","meta":{"footnotes":""},"class_list":["post-994","page","type-page","status-publish","hentry"],"yoast_head":"<!-- This site is optimized with the Yoast SEO plugin v27.3 - https:\/\/yoast.com\/product\/yoast-seo-wordpress\/ -->\n<title>Mentions l\u00e9gales et confidentialit\u00e9 - STOLL Fr\u00e8res SA<\/title>\n<meta name=\"description\" content=\"Cette page pr\u00e9sente les mentions l\u00e9gales et la politique de confidentialit\u00e9 du site internet stoll-freres.ch.\" \/>\n<meta name=\"robots\" content=\"index, follow, max-snippet:-1, max-image-preview:large, max-video-preview:-1\" \/>\n<link rel=\"canonical\" href=\"https:\/\/stoll-freres.ch\/hu\/jogi-informaciok-es-titoktartas\/\" \/>\n<meta property=\"og:locale\" content=\"hu_HU\" \/>\n<meta property=\"og:type\" content=\"article\" \/>\n<meta property=\"og:title\" content=\"Mentions l\u00e9gales et confidentialit\u00e9 - STOLL Fr\u00e8res SA\" \/>\n<meta property=\"og:description\" content=\"Cette page pr\u00e9sente les mentions l\u00e9gales et la politique de confidentialit\u00e9 du site internet stoll-freres.ch.\" \/>\n<meta property=\"og:url\" content=\"https:\/\/stoll-freres.ch\/hu\/jogi-informaciok-es-titoktartas\/\" \/>\n<meta property=\"og:site_name\" content=\"STOLL Fr\u00e8res SA\" \/>\n<meta property=\"article:modified_time\" content=\"2025-11-25T13:31:39+00:00\" \/>\n<meta name=\"twitter:card\" content=\"summary_large_image\" \/>\n<meta name=\"twitter:label1\" content=\"Becs\u00fclt olvas\u00e1si id\u0151\" \/>\n\t<meta name=\"twitter:data1\" content=\"4 perc\" \/>\n<script type=\"application\/ld+json\" class=\"yoast-schema-graph\">{\"@context\":\"https:\\\/\\\/schema.org\",\"@graph\":[{\"@type\":\"WebPage\",\"@id\":\"https:\\\/\\\/stoll-freres.ch\\\/mentions-legales-et-confidentialite\\\/\",\"url\":\"https:\\\/\\\/stoll-freres.ch\\\/mentions-legales-et-confidentialite\\\/\",\"name\":\"Mentions l\u00e9gales et confidentialit\u00e9 - STOLL Fr\u00e8res SA\",\"isPartOf\":{\"@id\":\"https:\\\/\\\/stoll-freres.ch\\\/#website\"},\"datePublished\":\"2025-01-14T14:32:54+00:00\",\"dateModified\":\"2025-11-25T13:31:39+00:00\",\"description\":\"Cette page pr\u00e9sente les mentions l\u00e9gales et la politique de confidentialit\u00e9 du site internet stoll-freres.ch.\",\"breadcrumb\":{\"@id\":\"https:\\\/\\\/stoll-freres.ch\\\/mentions-legales-et-confidentialite\\\/#breadcrumb\"},\"inLanguage\":\"hu\",\"potentialAction\":[{\"@type\":\"ReadAction\",\"target\":[\"https:\\\/\\\/stoll-freres.ch\\\/mentions-legales-et-confidentialite\\\/\"]}]},{\"@type\":\"BreadcrumbList\",\"@id\":\"https:\\\/\\\/stoll-freres.ch\\\/mentions-legales-et-confidentialite\\\/#breadcrumb\",\"itemListElement\":[{\"@type\":\"ListItem\",\"position\":1,\"name\":\"Accueil\",\"item\":\"https:\\\/\\\/stoll-freres.ch\\\/\"},{\"@type\":\"ListItem\",\"position\":2,\"name\":\"Mentions l\u00e9gales et confidentialit\u00e9\"}]},{\"@type\":\"WebSite\",\"@id\":\"https:\\\/\\\/stoll-freres.ch\\\/#website\",\"url\":\"https:\\\/\\\/stoll-freres.ch\\\/\",\"name\":\"STOLL Fr\u00e8res SA\",\"description\":\"Primeurs en gros\",\"publisher\":{\"@id\":\"https:\\\/\\\/stoll-freres.ch\\\/#organization\"},\"potentialAction\":[{\"@type\":\"SearchAction\",\"target\":{\"@type\":\"EntryPoint\",\"urlTemplate\":\"https:\\\/\\\/stoll-freres.ch\\\/?s={search_term_string}\"},\"query-input\":{\"@type\":\"PropertyValueSpecification\",\"valueRequired\":true,\"valueName\":\"search_term_string\"}}],\"inLanguage\":\"hu\"},{\"@type\":\"Organization\",\"@id\":\"https:\\\/\\\/stoll-freres.ch\\\/#organization\",\"name\":\"STOLL Fr\u00e8res SA\",\"url\":\"https:\\\/\\\/stoll-freres.ch\\\/\",\"logo\":{\"@type\":\"ImageObject\",\"inLanguage\":\"hu\",\"@id\":\"https:\\\/\\\/stoll-freres.ch\\\/#\\\/schema\\\/logo\\\/image\\\/\",\"url\":\"https:\\\/\\\/stoll-freres.ch\\\/wp-content\\\/uploads\\\/2024\\\/10\\\/Stoll_Logo.png\",\"contentUrl\":\"https:\\\/\\\/stoll-freres.ch\\\/wp-content\\\/uploads\\\/2024\\\/10\\\/Stoll_Logo.png\",\"width\":800,\"height\":452,\"caption\":\"STOLL Fr\u00e8res SA\"},\"image\":{\"@id\":\"https:\\\/\\\/stoll-freres.ch\\\/#\\\/schema\\\/logo\\\/image\\\/\"}}]}<\/script>\n<!-- \/ Yoast SEO plugin. -->","yoast_head_json":{"title":"Jogi inform\u00e1ci\u00f3k \u00e9s titoktart\u00e1s - STOLL Fr\u00e8res SA","description":"Ez az oldal a stoll-freres.ch weboldal jogi nyilatkozatait \u00e9s adatv\u00e9delmi ir\u00e1nyelveit mutatja be.","robots":{"index":"index","follow":"follow","max-snippet":"max-snippet:-1","max-image-preview":"max-image-preview:large","max-video-preview":"max-video-preview:-1"},"canonical":"https:\/\/stoll-freres.ch\/hu\/jogi-informaciok-es-titoktartas\/","og_locale":"hu_HU","og_type":"article","og_title":"Mentions l\u00e9gales et confidentialit\u00e9 - STOLL Fr\u00e8res SA","og_description":"Cette page pr\u00e9sente les mentions l\u00e9gales et la politique de confidentialit\u00e9 du site internet stoll-freres.ch.","og_url":"https:\/\/stoll-freres.ch\/hu\/jogi-informaciok-es-titoktartas\/","og_site_name":"STOLL Fr\u00e8res SA","article_modified_time":"2025-11-25T13:31:39+00:00","twitter_card":"summary_large_image","twitter_misc":{"Becs\u00fclt olvas\u00e1si id\u0151":"4 perc"},"schema":{"@context":"https:\/\/schema.org","@graph":[{"@type":"WebPage","@id":"https:\/\/stoll-freres.ch\/mentions-legales-et-confidentialite\/","url":"https:\/\/stoll-freres.ch\/mentions-legales-et-confidentialite\/","name":"Jogi inform\u00e1ci\u00f3k \u00e9s titoktart\u00e1s - STOLL Fr\u00e8res SA","isPartOf":{"@id":"https:\/\/stoll-freres.ch\/#website"},"datePublished":"2025-01-14T14:32:54+00:00","dateModified":"2025-11-25T13:31:39+00:00","description":"Ez az oldal a stoll-freres.ch weboldal jogi nyilatkozatait \u00e9s adatv\u00e9delmi ir\u00e1nyelveit mutatja be.","breadcrumb":{"@id":"https:\/\/stoll-freres.ch\/mentions-legales-et-confidentialite\/#breadcrumb"},"inLanguage":"hu","potentialAction":[{"@type":"ReadAction","target":["https:\/\/stoll-freres.ch\/mentions-legales-et-confidentialite\/"]}]},{"@type":"BreadcrumbList","@id":"https:\/\/stoll-freres.ch\/mentions-legales-et-confidentialite\/#breadcrumb","itemListElement":[{"@type":"ListItem","position":1,"name":"Accueil","item":"https:\/\/stoll-freres.ch\/"},{"@type":"ListItem","position":2,"name":"Mentions l\u00e9gales et confidentialit\u00e9"}]},{"@type":"WebSite","@id":"https:\/\/stoll-freres.ch\/#website","url":"https:\/\/stoll-freres.ch\/","name":"STOLL Fr\u00e8res SA","description":"Primeurs nagykereskedelem","publisher":{"@id":"https:\/\/stoll-freres.ch\/#organization"},"potentialAction":[{"@type":"SearchAction","target":{"@type":"EntryPoint","urlTemplate":"https:\/\/stoll-freres.ch\/?s={search_term_string}"},"query-input":{"@type":"PropertyValueSpecification","valueRequired":true,"valueName":"search_term_string"}}],"inLanguage":"hu"},{"@type":"Organization","@id":"https:\/\/stoll-freres.ch\/#organization","name":"STOLL Fr\u00e8res SA","url":"https:\/\/stoll-freres.ch\/","logo":{"@type":"ImageObject","inLanguage":"hu","@id":"https:\/\/stoll-freres.ch\/#\/schema\/logo\/image\/","url":"https:\/\/stoll-freres.ch\/wp-content\/uploads\/2024\/10\/Stoll_Logo.png","contentUrl":"https:\/\/stoll-freres.ch\/wp-content\/uploads\/2024\/10\/Stoll_Logo.png","width":800,"height":452,"caption":"STOLL Fr\u00e8res SA"},"image":{"@id":"https:\/\/stoll-freres.ch\/#\/schema\/logo\/image\/"}}]}},"_links":{"self":[{"href":"https:\/\/stoll-freres.ch\/hu\/wp-json\/wp\/v2\/pages\/994","targetHints":{"allow":["GET"]}}],"collection":[{"href":"https:\/\/stoll-freres.ch\/hu\/wp-json\/wp\/v2\/pages"}],"about":[{"href":"https:\/\/stoll-freres.ch\/hu\/wp-json\/wp\/v2\/types\/page"}],"author":[{"embeddable":true,"href":"https:\/\/stoll-freres.ch\/hu\/wp-json\/wp\/v2\/users\/1"}],"replies":[{"embeddable":true,"href":"https:\/\/stoll-freres.ch\/hu\/wp-json\/wp\/v2\/comments?post=994"}],"version-history":[{"count":59,"href":"https:\/\/stoll-freres.ch\/hu\/wp-json\/wp\/v2\/pages\/994\/revisions"}],"predecessor-version":[{"id":1666,"href":"https:\/\/stoll-freres.ch\/hu\/wp-json\/wp\/v2\/pages\/994\/revisions\/1666"}],"wp:attachment":[{"href":"https:\/\/stoll-freres.ch\/hu\/wp-json\/wp\/v2\/media?parent=994"}],"curies":[{"name":"munkaf\u00fczet","href":"https:\/\/api.w.org\/{rel}","templated":true}]}}