{"id":994,"date":"2025-01-14T15:32:54","date_gmt":"2025-01-14T14:32:54","guid":{"rendered":"https:\/\/stoll-freres.ch\/?page_id=994"},"modified":"2025-11-25T14:31:39","modified_gmt":"2025-11-25T13:31:39","slug":"informacion-juridica-y-confidencialidad","status":"publish","type":"page","link":"https:\/\/stoll-freres.ch\/es\/mentions-legales-et-confidentialite\/","title":{"rendered":"Informaci\u00f3n jur\u00eddica y confidencialidad"},"content":{"rendered":"<div data-elementor-type=\"wp-page\" data-elementor-id=\"994\" class=\"elementor elementor-994\" data-elementor-post-type=\"page\">\n\t\t\t\t\t\t<section class=\"elementor-section elementor-top-section elementor-element elementor-element-9ae861d elementor-section-height-min-height elementor-section-items-bottom elementor-section-boxed elementor-section-height-default\" data-id=\"9ae861d\" data-element_type=\"section\" data-e-type=\"section\" data-settings=\"{&quot;background_background&quot;:&quot;classic&quot;}\">\n\t\t\t\t\t\t<div class=\"elementor-container elementor-column-gap-default\">\n\t\t\t\t\t<div class=\"elementor-column elementor-col-100 elementor-top-column elementor-element elementor-element-f2ebb22\" data-id=\"f2ebb22\" data-element_type=\"column\" data-e-type=\"column\">\n\t\t\t<div class=\"elementor-widget-wrap elementor-element-populated\">\n\t\t\t\t\t\t<div class=\"elementor-element elementor-element-0a34558 elementor-widget elementor-widget-heading\" data-id=\"0a34558\" data-element_type=\"widget\" data-e-type=\"widget\" data-widget_type=\"heading.default\">\n\t\t\t\t<div class=\"elementor-widget-container\">\n\t\t\t\t\t<h1 class=\"elementor-heading-title elementor-size-default\">Confidencialidad<\/h1>\t\t\t\t<\/div>\n\t\t\t\t<\/div>\n\t\t\t\t<div class=\"elementor-element elementor-element-4bf6898 elementor-widget elementor-widget-heading\" data-id=\"4bf6898\" data-element_type=\"widget\" data-e-type=\"widget\" data-widget_type=\"heading.default\">\n\t\t\t\t<div class=\"elementor-widget-container\">\n\t\t\t\t\t<h2 class=\"elementor-heading-title elementor-size-default\">Informaci\u00f3n jur\u00eddica y confidencialidad<\/h2>\t\t\t\t<\/div>\n\t\t\t\t<\/div>\n\t\t\t\t<div class=\"elementor-element elementor-element-0cc06c2 elementor-widget__width-initial elementor-widget elementor-widget-heading\" data-id=\"0cc06c2\" data-element_type=\"widget\" data-e-type=\"widget\" data-widget_type=\"heading.default\">\n\t\t\t\t<div class=\"elementor-widget-container\">\n\t\t\t\t\t<h2 class=\"elementor-heading-title elementor-size-default\">STOLL Fr\u00e8res SA<\/h2>\t\t\t\t<\/div>\n\t\t\t\t<\/div>\n\t\t\t\t<div class=\"elementor-element elementor-element-d8ec185 elementor-widget elementor-widget-spacer\" data-id=\"d8ec185\" data-element_type=\"widget\" data-e-type=\"widget\" data-widget_type=\"spacer.default\">\n\t\t\t\t<div class=\"elementor-widget-container\">\n\t\t\t\t\t\t\t<div class=\"elementor-spacer\">\n\t\t\t<div class=\"elementor-spacer-inner\"><\/div>\n\t\t<\/div>\n\t\t\t\t\t\t<\/div>\n\t\t\t\t<\/div>\n\t\t\t\t\t<\/div>\n\t\t<\/div>\n\t\t\t\t\t<\/div>\n\t\t<\/section>\n\t\t\t\t<section class=\"elementor-section elementor-top-section elementor-element elementor-element-9c0ef15 elementor-section-full_width elementor-section-height-default elementor-section-height-default\" data-id=\"9c0ef15\" data-element_type=\"section\" data-e-type=\"section\">\n\t\t\t\t\t\t<div class=\"elementor-container elementor-column-gap-default\">\n\t\t\t\t\t<div class=\"elementor-column elementor-col-100 elementor-top-column elementor-element elementor-element-703e515\" data-id=\"703e515\" data-element_type=\"column\" data-e-type=\"column\">\n\t\t\t<div class=\"elementor-widget-wrap elementor-element-populated\">\n\t\t\t\t\t\t<div class=\"elementor-element elementor-element-f3bbc79 elementor-widget-divider--view-line elementor-widget elementor-widget-divider\" data-id=\"f3bbc79\" data-element_type=\"widget\" data-e-type=\"widget\" data-widget_type=\"divider.default\">\n\t\t\t\t<div class=\"elementor-widget-container\">\n\t\t\t\t\t\t\t<div class=\"elementor-divider\">\n\t\t\t<span class=\"elementor-divider-separator\">\n\t\t\t\t\t\t<\/span>\n\t\t<\/div>\n\t\t\t\t\t\t<\/div>\n\t\t\t\t<\/div>\n\t\t\t\t\t<\/div>\n\t\t<\/div>\n\t\t\t\t\t<\/div>\n\t\t<\/section>\n\t\t\t\t<section class=\"elementor-section elementor-top-section elementor-element elementor-element-826bd05 confidentialite elementor-section-boxed elementor-section-height-default elementor-section-height-default\" data-id=\"826bd05\" data-element_type=\"section\" data-e-type=\"section\">\n\t\t\t\t\t\t<div class=\"elementor-container elementor-column-gap-default\">\n\t\t\t\t\t<div class=\"elementor-column elementor-col-100 elementor-top-column elementor-element elementor-element-f099545\" data-id=\"f099545\" data-element_type=\"column\" data-e-type=\"column\">\n\t\t\t<div class=\"elementor-widget-wrap elementor-element-populated\">\n\t\t\t\t\t\t<div class=\"elementor-element elementor-element-dbadf82 elementor-widget elementor-widget-text-editor\" data-id=\"dbadf82\" data-element_type=\"widget\" data-e-type=\"widget\" data-widget_type=\"text-editor.default\">\n\t\t\t\t<div class=\"elementor-widget-container\">\n\t\t\t\t\t\t\t\t\t<h2>Pol\u00edtica de privacidad<\/h2><p>Esta pol\u00edtica de privacidad se refiere al sitio web stoll-freres.ch.<\/p><p>La protecci\u00f3n de datos es una cuesti\u00f3n de confianza y su confianza es importante para nosotros. Respetamos su privacidad y nos esforzamos por cumplir la normativa aplicable en materia de protecci\u00f3n de datos. En los puntos siguientes le explicamos qu\u00e9 datos recogemos, c\u00f3mo lo hacemos y por qu\u00e9.<\/p><h4>Protecci\u00f3n de datos<\/h4><p>STOLL Fr\u00e8res SA respeta sus derechos a la protecci\u00f3n de datos personales tal y como se establece en la legislaci\u00f3n suiza sobre protecci\u00f3n de datos. Los datos personales que nos comunique durante su visita a nuestro sitio web (por ejemplo, su direcci\u00f3n IP, direcci\u00f3n postal o direcci\u00f3n de correo electr\u00f3nico) se utilizan exclusivamente para los fines de la relaci\u00f3n de cliente que mantenemos con usted y para la prestaci\u00f3n de servicios espec\u00edficos que nos haya solicitado. Estos datos son procesados y utilizados por STOLL Fr\u00e8res SA de conformidad con la Ley Federal de Protecci\u00f3n de Datos (nLPD).<\/p><h4>Formularios<\/h4><p>Cuando se inscriba o registre en nuestro sitio web stoll-fr\u00e8res.ch o en alguno de nuestros servicios, o cuando solicite recibir nuestro bolet\u00edn u otra informaci\u00f3n, se le pedir\u00e1 que nos facilite cierta cantidad de datos, como sus datos personales, de facturaci\u00f3n o de identificaci\u00f3n. Tambi\u00e9n es libre de introducir datos adicionales. Cuando se ponga en contacto con nosotros por correo postal, correo electr\u00f3nico o tel\u00e9fono, tambi\u00e9n podr\u00e1 compartir sus datos personales. Esta informaci\u00f3n est\u00e1 sujeta a su libre decisi\u00f3n y se utiliza para el env\u00edo postal o electr\u00f3nico de la informaci\u00f3n que nos haya solicitado, as\u00ed como para el establecimiento y desarrollo de relaciones comerciales y el servicio de atenci\u00f3n al cliente.<\/p><p>Al introducir sus datos personales, usted da su consentimiento a la recogida, tratamiento y uso de dicha informaci\u00f3n por parte de STOLL Fr\u00e8res SA tal y como se ha explicado anteriormente.<\/p><p>Puede retirar su consentimiento a la recogida, tratamiento y uso de sus datos personales en cualquier momento enviando una carta informal a <a href=\"mailto:info@stoll-freres.ch\" target=\"_blank\" rel=\"noopener\">info@stoll-freres.ch<\/a>. En este caso, sus datos ser\u00e1n eliminados.<\/p><p>Los datos personales no ser\u00e1n cedidos a terceros por STOLL Fr\u00e8res SA salvo comunicaci\u00f3n expresa y consentimiento por su parte.<\/p><h4>Cookies<\/h4><p>Cuando visita nuestro sitio web, instalamos \"cookies\", es decir, archivos que se guardan en su ordenador para permitirnos analizar el uso que hace de nuestro sitio y hacer que su navegaci\u00f3n sea m\u00e1s agradable. Ninguna de estas cookies contiene datos personales que puedan servir para identificarle. Puede rechazar las cookies o personalizar sus preferencias en su primera visita a nuestro sitio, pero tenga en cuenta que si lo hace es posible que no pueda utilizar todas las funciones del sitio web en toda su extensi\u00f3n.<\/p>\t\t\t\t\t\t\t\t<\/div>\n\t\t\t\t<\/div>\n\t\t\t\t<div class=\"elementor-element elementor-element-d1c44b2 puces elementor-widget elementor-widget-text-editor\" data-id=\"d1c44b2\" data-element_type=\"widget\" data-e-type=\"widget\" data-widget_type=\"text-editor.default\">\n\t\t\t\t<div class=\"elementor-widget-container\">\n\t\t\t\t\t\t\t\t\t<h2>Servicios de terceros<\/h2><h4>Alojamiento web<\/h4><p>Nuestro proveedor de alojamiento es Infomaniak Network SA en Suiza.<\/p><h4>Anal\u00edtica<\/h4><p>Nuestro sitio web utiliza Google Analytics. Este sistema permite realizar diversos an\u00e1lisis de las visitas y el uso de nuestro sitio web.<\/p><p>La informaci\u00f3n recogida incluye su direcci\u00f3n IP, su configuraci\u00f3n (dispositivo, navegador, resoluci\u00f3n, etc.), su proveedor de acceso, la p\u00e1gina consultada, la p\u00e1gina anterior y las distintas interacciones con nuestro sitio (tiempo de consulta, clics, formularios rellenados, etc.).<\/p><p>Utilizamos estos datos de forma an\u00f3nima (anonimizaci\u00f3n de las direcciones IP) para mejorar nuestros servicios y ofertas y para personalizar el contenido de nuestro sitio.<\/p><p>Nuestro proveedor de servicios es la empresa estadounidense Google LLC. La empresa irlandesa Google Ireland Limited es responsable de los usuarios del Espacio Econ\u00f3mico Europeo (EEE) y Suiza.<\/p><h4>Mapa de Google<\/h4><p>Utilizamos el servicio Google Maps para integrar mapas en nuestro sitio web. Google Maps es un servicio ofrecido por la empresa estadounidense Google LLC. La empresa irlandesa Google Ireland Limited es responsable de los usuarios del Espacio Econ\u00f3mico Europeo (EEE) y Suiza.<\/p><h4>Caducidad<\/h4><p>Los datos personales que procesamos a trav\u00e9s de nuestro sitio se almacenan de la siguiente manera, dependiendo del tipo de datos:<\/p><ul><li><strong>Google Analytics:<\/strong> los datos recogidos son an\u00f3nimos, y hemos establecido un periodo de conservaci\u00f3n de 1 a\u00f1o, 1 mes y 4 d\u00edas.<\/li><li>Sus datos de contacto para la tramitaci\u00f3n de pedidos se conservan durante 10 a\u00f1os de conformidad con la normativa suiza.<\/li><\/ul><h4>Contacto\u00a0<\/h4><p>STOLL Fr\u00e8res SA<br \/>Rue des Uttins 35<br \/>CH-1400 Yverdon-les-Bains<br \/><a href=\"mailto:info@stoll-freres.ch\" target=\"_blank\" rel=\"noopener\">info@stoll-freres.ch<\/a><br \/><a href=\"\/es\/Tel\u00e9fono: +41244473535\/\" target=\"_blank\" rel=\"noopener\">024 447 35 35<\/a><\/p>\t\t\t\t\t\t\t\t<\/div>\n\t\t\t\t<\/div>\n\t\t\t\t<div class=\"elementor-element elementor-element-913ffce elementor-widget-divider--view-line elementor-widget elementor-widget-divider\" data-id=\"913ffce\" data-element_type=\"widget\" data-e-type=\"widget\" data-widget_type=\"divider.default\">\n\t\t\t\t<div class=\"elementor-widget-container\">\n\t\t\t\t\t\t\t<div class=\"elementor-divider\">\n\t\t\t<span class=\"elementor-divider-separator\">\n\t\t\t\t\t\t<\/span>\n\t\t<\/div>\n\t\t\t\t\t\t<\/div>\n\t\t\t\t<\/div>\n\t\t\t\t\t<\/div>\n\t\t<\/div>\n\t\t\t\t\t<\/div>\n\t\t<\/section>\n\t\t\t\t<section class=\"elementor-section elementor-top-section elementor-element elementor-element-29420bb elementor-section-boxed elementor-section-height-default elementor-section-height-default\" data-id=\"29420bb\" data-element_type=\"section\" data-e-type=\"section\">\n\t\t\t\t\t\t<div class=\"elementor-container elementor-column-gap-default\">\n\t\t\t\t\t<div class=\"elementor-column elementor-col-100 elementor-top-column elementor-element elementor-element-79a245f\" data-id=\"79a245f\" data-element_type=\"column\" data-e-type=\"column\">\n\t\t\t<div class=\"elementor-widget-wrap elementor-element-populated\">\n\t\t\t\t\t\t<div class=\"elementor-element elementor-element-09b810e elementor-widget elementor-widget-heading\" data-id=\"09b810e\" data-element_type=\"widget\" data-e-type=\"widget\" data-widget_type=\"heading.default\">\n\t\t\t\t<div class=\"elementor-widget-container\">\n\t\t\t\t\t<h2 class=\"elementor-heading-title elementor-size-default\">Informaci\u00f3n jur\u00eddica<\/h2>\t\t\t\t<\/div>\n\t\t\t\t<\/div>\n\t\t\t\t<section class=\"elementor-section elementor-inner-section elementor-element elementor-element-3825469 elementor-section-boxed elementor-section-height-default elementor-section-height-default\" data-id=\"3825469\" data-element_type=\"section\" data-e-type=\"section\">\n\t\t\t\t\t\t<div class=\"elementor-container elementor-column-gap-default\">\n\t\t\t\t\t<div class=\"elementor-column elementor-col-33 elementor-inner-column elementor-element elementor-element-255a7ef\" data-id=\"255a7ef\" data-element_type=\"column\" data-e-type=\"column\">\n\t\t\t<div class=\"elementor-widget-wrap elementor-element-populated\">\n\t\t\t\t\t\t<div class=\"elementor-element elementor-element-218c761 elementor-widget elementor-widget-text-editor\" data-id=\"218c761\" data-element_type=\"widget\" data-e-type=\"widget\" data-widget_type=\"text-editor.default\">\n\t\t\t\t<div class=\"elementor-widget-container\">\n\t\t\t\t\t\t\t\t\t<h4>Editor del sitio web<\/h4><p>STOLL Fr\u00e8res SA<br \/>Rue des Uttins 35<br \/>CH-1400 Yverdon-les-Bains<br \/><a href=\"mailto:info@stoll-freres.ch\" target=\"_blank\" rel=\"noopener\">info@stoll-freres.ch<\/a><br \/><a href=\"\/es\/Tel\u00e9fono: +41244473535\/\" target=\"_blank\" rel=\"noopener\">024 447 35 35<\/a><\/p>\t\t\t\t\t\t\t\t<\/div>\n\t\t\t\t<\/div>\n\t\t\t\t\t<\/div>\n\t\t<\/div>\n\t\t\t\t<div class=\"elementor-column elementor-col-33 elementor-inner-column elementor-element elementor-element-8f3afe2\" data-id=\"8f3afe2\" data-element_type=\"column\" data-e-type=\"column\">\n\t\t\t<div class=\"elementor-widget-wrap elementor-element-populated\">\n\t\t\t\t\t\t<div class=\"elementor-element elementor-element-04ebbd1 elementor-widget elementor-widget-text-editor\" data-id=\"04ebbd1\" data-element_type=\"widget\" data-e-type=\"widget\" data-widget_type=\"text-editor.default\">\n\t\t\t\t<div class=\"elementor-widget-container\">\n\t\t\t\t\t\t\t\t\t<h4>Creaci\u00f3n de p\u00e1ginas web<\/h4><p><a href=\"https:\/\/www.abelocom.ch\/\" target=\"_blank\" rel=\"noopener\">abelocom.ch<\/a><br \/><a href=\"https:\/\/www.zaniah.ch\/\" target=\"_blank\" rel=\"noopener\">zaniah.ch<\/a><\/p>\t\t\t\t\t\t\t\t<\/div>\n\t\t\t\t<\/div>\n\t\t\t\t\t<\/div>\n\t\t<\/div>\n\t\t\t\t<div class=\"elementor-column elementor-col-33 elementor-inner-column elementor-element elementor-element-31f7e7c\" data-id=\"31f7e7c\" data-element_type=\"column\" data-e-type=\"column\">\n\t\t\t<div class=\"elementor-widget-wrap elementor-element-populated\">\n\t\t\t\t\t\t<div class=\"elementor-element elementor-element-fc73e6a elementor-widget elementor-widget-text-editor\" data-id=\"fc73e6a\" data-element_type=\"widget\" data-e-type=\"widget\" data-widget_type=\"text-editor.default\">\n\t\t\t\t<div class=\"elementor-widget-container\">\n\t\t\t\t\t\t\t\t\t<h4>Fotos<\/h4><p>STOLL Fr\u00e8res SA<\/p>\t\t\t\t\t\t\t\t<\/div>\n\t\t\t\t<\/div>\n\t\t\t\t\t<\/div>\n\t\t<\/div>\n\t\t\t\t\t<\/div>\n\t\t<\/section>\n\t\t\t\t\t<\/div>\n\t\t<\/div>\n\t\t\t\t\t<\/div>\n\t\t<\/section>\n\t\t\t\t<\/div>","protected":false},"excerpt":{"rendered":"<p>Confidentialit\u00e9 Mentions l\u00e9gales et confidentialit\u00e9 STOLL Fr\u00e8res SA Politique de confidentialit\u00e9 La pr\u00e9sente politique de confidentialit\u00e9 concerne le site de stoll-freres.ch. La protection des donn\u00e9es est une question de confiance et votre confiance est importante pour nous. Nous respectons votre vie priv\u00e9e et nus nous effor\u00e7ons de nous conformer aux r\u00e8gles sur la protection des [&hellip;]<\/p>\n","protected":false},"author":1,"featured_media":0,"parent":0,"menu_order":0,"comment_status":"closed","ping_status":"closed","template":"","meta":{"footnotes":""},"class_list":["post-994","page","type-page","status-publish","hentry"],"yoast_head":"<!-- This site is optimized with the Yoast SEO plugin v27.4 - https:\/\/yoast.com\/product\/yoast-seo-wordpress\/ -->\n<title>Mentions l\u00e9gales et confidentialit\u00e9 - STOLL Fr\u00e8res SA<\/title>\n<meta name=\"description\" content=\"Cette page pr\u00e9sente les mentions l\u00e9gales et la politique de confidentialit\u00e9 du site internet stoll-freres.ch.\" \/>\n<meta name=\"robots\" content=\"index, follow, max-snippet:-1, max-image-preview:large, max-video-preview:-1\" \/>\n<link rel=\"canonical\" href=\"https:\/\/stoll-freres.ch\/es\/informacion-juridica-y-confidencialidad\/\" \/>\n<meta property=\"og:locale\" content=\"es_ES\" \/>\n<meta property=\"og:type\" content=\"article\" \/>\n<meta property=\"og:title\" content=\"Mentions l\u00e9gales et confidentialit\u00e9 - STOLL Fr\u00e8res SA\" \/>\n<meta property=\"og:description\" content=\"Cette page pr\u00e9sente les mentions l\u00e9gales et la politique de confidentialit\u00e9 du site internet stoll-freres.ch.\" \/>\n<meta property=\"og:url\" content=\"https:\/\/stoll-freres.ch\/es\/informacion-juridica-y-confidencialidad\/\" \/>\n<meta property=\"og:site_name\" content=\"STOLL Fr\u00e8res SA\" \/>\n<meta property=\"article:modified_time\" content=\"2025-11-25T13:31:39+00:00\" \/>\n<meta name=\"twitter:card\" content=\"summary_large_image\" \/>\n<meta name=\"twitter:label1\" content=\"Tiempo de lectura\" \/>\n\t<meta name=\"twitter:data1\" content=\"4 minutos\" \/>\n<script type=\"application\/ld+json\" class=\"yoast-schema-graph\">{\"@context\":\"https:\\\/\\\/schema.org\",\"@graph\":[{\"@type\":\"WebPage\",\"@id\":\"https:\\\/\\\/stoll-freres.ch\\\/mentions-legales-et-confidentialite\\\/\",\"url\":\"https:\\\/\\\/stoll-freres.ch\\\/mentions-legales-et-confidentialite\\\/\",\"name\":\"Mentions l\u00e9gales et confidentialit\u00e9 - STOLL Fr\u00e8res SA\",\"isPartOf\":{\"@id\":\"https:\\\/\\\/stoll-freres.ch\\\/#website\"},\"datePublished\":\"2025-01-14T14:32:54+00:00\",\"dateModified\":\"2025-11-25T13:31:39+00:00\",\"description\":\"Cette page pr\u00e9sente les mentions l\u00e9gales et la politique de confidentialit\u00e9 du site internet stoll-freres.ch.\",\"breadcrumb\":{\"@id\":\"https:\\\/\\\/stoll-freres.ch\\\/mentions-legales-et-confidentialite\\\/#breadcrumb\"},\"inLanguage\":\"es\",\"potentialAction\":[{\"@type\":\"ReadAction\",\"target\":[\"https:\\\/\\\/stoll-freres.ch\\\/mentions-legales-et-confidentialite\\\/\"]}]},{\"@type\":\"BreadcrumbList\",\"@id\":\"https:\\\/\\\/stoll-freres.ch\\\/mentions-legales-et-confidentialite\\\/#breadcrumb\",\"itemListElement\":[{\"@type\":\"ListItem\",\"position\":1,\"name\":\"Accueil\",\"item\":\"https:\\\/\\\/stoll-freres.ch\\\/\"},{\"@type\":\"ListItem\",\"position\":2,\"name\":\"Mentions l\u00e9gales et confidentialit\u00e9\"}]},{\"@type\":\"WebSite\",\"@id\":\"https:\\\/\\\/stoll-freres.ch\\\/#website\",\"url\":\"https:\\\/\\\/stoll-freres.ch\\\/\",\"name\":\"STOLL Fr\u00e8res SA\",\"description\":\"Primeurs en gros\",\"publisher\":{\"@id\":\"https:\\\/\\\/stoll-freres.ch\\\/#organization\"},\"potentialAction\":[{\"@type\":\"SearchAction\",\"target\":{\"@type\":\"EntryPoint\",\"urlTemplate\":\"https:\\\/\\\/stoll-freres.ch\\\/?s={search_term_string}\"},\"query-input\":{\"@type\":\"PropertyValueSpecification\",\"valueRequired\":true,\"valueName\":\"search_term_string\"}}],\"inLanguage\":\"es\"},{\"@type\":\"Organization\",\"@id\":\"https:\\\/\\\/stoll-freres.ch\\\/#organization\",\"name\":\"STOLL Fr\u00e8res SA\",\"url\":\"https:\\\/\\\/stoll-freres.ch\\\/\",\"logo\":{\"@type\":\"ImageObject\",\"inLanguage\":\"es\",\"@id\":\"https:\\\/\\\/stoll-freres.ch\\\/#\\\/schema\\\/logo\\\/image\\\/\",\"url\":\"https:\\\/\\\/stoll-freres.ch\\\/wp-content\\\/uploads\\\/2024\\\/10\\\/Stoll_Logo.png\",\"contentUrl\":\"https:\\\/\\\/stoll-freres.ch\\\/wp-content\\\/uploads\\\/2024\\\/10\\\/Stoll_Logo.png\",\"width\":800,\"height\":452,\"caption\":\"STOLL Fr\u00e8res SA\"},\"image\":{\"@id\":\"https:\\\/\\\/stoll-freres.ch\\\/#\\\/schema\\\/logo\\\/image\\\/\"}}]}<\/script>\n<!-- \/ Yoast SEO plugin. -->","yoast_head_json":{"title":"Informaci\u00f3n legal y confidencialidad - STOLL Fr\u00e8res SA","description":"En esta p\u00e1gina se presentan los avisos legales y la pol\u00edtica de privacidad del sitio web stoll-freres.ch.","robots":{"index":"index","follow":"follow","max-snippet":"max-snippet:-1","max-image-preview":"max-image-preview:large","max-video-preview":"max-video-preview:-1"},"canonical":"https:\/\/stoll-freres.ch\/es\/informacion-juridica-y-confidencialidad\/","og_locale":"es_ES","og_type":"article","og_title":"Mentions l\u00e9gales et confidentialit\u00e9 - STOLL Fr\u00e8res SA","og_description":"Cette page pr\u00e9sente les mentions l\u00e9gales et la politique de confidentialit\u00e9 du site internet stoll-freres.ch.","og_url":"https:\/\/stoll-freres.ch\/es\/informacion-juridica-y-confidencialidad\/","og_site_name":"STOLL Fr\u00e8res SA","article_modified_time":"2025-11-25T13:31:39+00:00","twitter_card":"summary_large_image","twitter_misc":{"Tiempo de lectura":"4 minutos"},"schema":{"@context":"https:\/\/schema.org","@graph":[{"@type":"WebPage","@id":"https:\/\/stoll-freres.ch\/mentions-legales-et-confidentialite\/","url":"https:\/\/stoll-freres.ch\/mentions-legales-et-confidentialite\/","name":"Informaci\u00f3n legal y confidencialidad - STOLL Fr\u00e8res SA","isPartOf":{"@id":"https:\/\/stoll-freres.ch\/#website"},"datePublished":"2025-01-14T14:32:54+00:00","dateModified":"2025-11-25T13:31:39+00:00","description":"En esta p\u00e1gina se presentan los avisos legales y la pol\u00edtica de privacidad del sitio web stoll-freres.ch.","breadcrumb":{"@id":"https:\/\/stoll-freres.ch\/mentions-legales-et-confidentialite\/#breadcrumb"},"inLanguage":"es","potentialAction":[{"@type":"ReadAction","target":["https:\/\/stoll-freres.ch\/mentions-legales-et-confidentialite\/"]}]},{"@type":"BreadcrumbList","@id":"https:\/\/stoll-freres.ch\/mentions-legales-et-confidentialite\/#breadcrumb","itemListElement":[{"@type":"ListItem","position":1,"name":"Accueil","item":"https:\/\/stoll-freres.ch\/"},{"@type":"ListItem","position":2,"name":"Mentions l\u00e9gales et confidentialit\u00e9"}]},{"@type":"WebSite","@id":"https:\/\/stoll-freres.ch\/#website","url":"https:\/\/stoll-freres.ch\/","name":"STOLL Fr\u00e8res SA","description":"Venta al por mayor","publisher":{"@id":"https:\/\/stoll-freres.ch\/#organization"},"potentialAction":[{"@type":"SearchAction","target":{"@type":"EntryPoint","urlTemplate":"https:\/\/stoll-freres.ch\/?s={search_term_string}"},"query-input":{"@type":"PropertyValueSpecification","valueRequired":true,"valueName":"search_term_string"}}],"inLanguage":"es"},{"@type":"Organization","@id":"https:\/\/stoll-freres.ch\/#organization","name":"STOLL Fr\u00e8res SA","url":"https:\/\/stoll-freres.ch\/","logo":{"@type":"ImageObject","inLanguage":"es","@id":"https:\/\/stoll-freres.ch\/#\/schema\/logo\/image\/","url":"https:\/\/stoll-freres.ch\/wp-content\/uploads\/2024\/10\/Stoll_Logo.png","contentUrl":"https:\/\/stoll-freres.ch\/wp-content\/uploads\/2024\/10\/Stoll_Logo.png","width":800,"height":452,"caption":"STOLL Fr\u00e8res SA"},"image":{"@id":"https:\/\/stoll-freres.ch\/#\/schema\/logo\/image\/"}}]}},"_links":{"self":[{"href":"https:\/\/stoll-freres.ch\/es\/wp-json\/wp\/v2\/pages\/994","targetHints":{"allow":["GET"]}}],"collection":[{"href":"https:\/\/stoll-freres.ch\/es\/wp-json\/wp\/v2\/pages"}],"about":[{"href":"https:\/\/stoll-freres.ch\/es\/wp-json\/wp\/v2\/types\/page"}],"author":[{"embeddable":true,"href":"https:\/\/stoll-freres.ch\/es\/wp-json\/wp\/v2\/users\/1"}],"replies":[{"embeddable":true,"href":"https:\/\/stoll-freres.ch\/es\/wp-json\/wp\/v2\/comments?post=994"}],"version-history":[{"count":59,"href":"https:\/\/stoll-freres.ch\/es\/wp-json\/wp\/v2\/pages\/994\/revisions"}],"predecessor-version":[{"id":1666,"href":"https:\/\/stoll-freres.ch\/es\/wp-json\/wp\/v2\/pages\/994\/revisions\/1666"}],"wp:attachment":[{"href":"https:\/\/stoll-freres.ch\/es\/wp-json\/wp\/v2\/media?parent=994"}],"curies":[{"name":"wp","href":"https:\/\/api.w.org\/{rel}","templated":true}]}}