{"id":994,"date":"2025-01-14T15:32:54","date_gmt":"2025-01-14T14:32:54","guid":{"rendered":"https:\/\/stoll-freres.ch\/?page_id=994"},"modified":"2025-11-25T14:31:39","modified_gmt":"2025-11-25T13:31:39","slug":"pravni-informace-a-duvernost","status":"publish","type":"page","link":"https:\/\/stoll-freres.ch\/cs\/mentions-legales-et-confidentialite\/","title":{"rendered":"Pr\u00e1vn\u00ed informace a d\u016fv\u011brnost"},"content":{"rendered":"<div data-elementor-type=\"wp-page\" data-elementor-id=\"994\" class=\"elementor elementor-994\" data-elementor-post-type=\"page\">\n\t\t\t\t\t\t<section class=\"elementor-section elementor-top-section elementor-element elementor-element-9ae861d elementor-section-height-min-height elementor-section-items-bottom elementor-section-boxed elementor-section-height-default\" data-id=\"9ae861d\" data-element_type=\"section\" data-e-type=\"section\" data-settings=\"{&quot;background_background&quot;:&quot;classic&quot;}\">\n\t\t\t\t\t\t<div class=\"elementor-container elementor-column-gap-default\">\n\t\t\t\t\t<div class=\"elementor-column elementor-col-100 elementor-top-column elementor-element elementor-element-f2ebb22\" data-id=\"f2ebb22\" data-element_type=\"column\" data-e-type=\"column\">\n\t\t\t<div class=\"elementor-widget-wrap elementor-element-populated\">\n\t\t\t\t\t\t<div class=\"elementor-element elementor-element-0a34558 elementor-widget elementor-widget-heading\" data-id=\"0a34558\" data-element_type=\"widget\" data-e-type=\"widget\" data-widget_type=\"heading.default\">\n\t\t\t\t<div class=\"elementor-widget-container\">\n\t\t\t\t\t<h1 class=\"elementor-heading-title elementor-size-default\">D\u016fv\u011brnost<\/h1>\t\t\t\t<\/div>\n\t\t\t\t<\/div>\n\t\t\t\t<div class=\"elementor-element elementor-element-4bf6898 elementor-widget elementor-widget-heading\" data-id=\"4bf6898\" data-element_type=\"widget\" data-e-type=\"widget\" data-widget_type=\"heading.default\">\n\t\t\t\t<div class=\"elementor-widget-container\">\n\t\t\t\t\t<h2 class=\"elementor-heading-title elementor-size-default\">Pr\u00e1vn\u00ed informace a d\u016fv\u011brnost<\/h2>\t\t\t\t<\/div>\n\t\t\t\t<\/div>\n\t\t\t\t<div class=\"elementor-element elementor-element-0cc06c2 elementor-widget__width-initial elementor-widget elementor-widget-heading\" data-id=\"0cc06c2\" data-element_type=\"widget\" data-e-type=\"widget\" data-widget_type=\"heading.default\">\n\t\t\t\t<div class=\"elementor-widget-container\">\n\t\t\t\t\t<h2 class=\"elementor-heading-title elementor-size-default\">STOLL Fr\u00e8res SA<\/h2>\t\t\t\t<\/div>\n\t\t\t\t<\/div>\n\t\t\t\t<div class=\"elementor-element elementor-element-d8ec185 elementor-widget elementor-widget-spacer\" data-id=\"d8ec185\" data-element_type=\"widget\" data-e-type=\"widget\" data-widget_type=\"spacer.default\">\n\t\t\t\t<div class=\"elementor-widget-container\">\n\t\t\t\t\t\t\t<div class=\"elementor-spacer\">\n\t\t\t<div class=\"elementor-spacer-inner\"><\/div>\n\t\t<\/div>\n\t\t\t\t\t\t<\/div>\n\t\t\t\t<\/div>\n\t\t\t\t\t<\/div>\n\t\t<\/div>\n\t\t\t\t\t<\/div>\n\t\t<\/section>\n\t\t\t\t<section class=\"elementor-section elementor-top-section elementor-element elementor-element-9c0ef15 elementor-section-full_width elementor-section-height-default elementor-section-height-default\" data-id=\"9c0ef15\" data-element_type=\"section\" data-e-type=\"section\">\n\t\t\t\t\t\t<div class=\"elementor-container elementor-column-gap-default\">\n\t\t\t\t\t<div class=\"elementor-column elementor-col-100 elementor-top-column elementor-element elementor-element-703e515\" data-id=\"703e515\" data-element_type=\"column\" data-e-type=\"column\">\n\t\t\t<div class=\"elementor-widget-wrap elementor-element-populated\">\n\t\t\t\t\t\t<div class=\"elementor-element elementor-element-f3bbc79 elementor-widget-divider--view-line elementor-widget elementor-widget-divider\" data-id=\"f3bbc79\" data-element_type=\"widget\" data-e-type=\"widget\" data-widget_type=\"divider.default\">\n\t\t\t\t<div class=\"elementor-widget-container\">\n\t\t\t\t\t\t\t<div class=\"elementor-divider\">\n\t\t\t<span class=\"elementor-divider-separator\">\n\t\t\t\t\t\t<\/span>\n\t\t<\/div>\n\t\t\t\t\t\t<\/div>\n\t\t\t\t<\/div>\n\t\t\t\t\t<\/div>\n\t\t<\/div>\n\t\t\t\t\t<\/div>\n\t\t<\/section>\n\t\t\t\t<section class=\"elementor-section elementor-top-section elementor-element elementor-element-826bd05 confidentialite elementor-section-boxed elementor-section-height-default elementor-section-height-default\" data-id=\"826bd05\" data-element_type=\"section\" data-e-type=\"section\">\n\t\t\t\t\t\t<div class=\"elementor-container elementor-column-gap-default\">\n\t\t\t\t\t<div class=\"elementor-column elementor-col-100 elementor-top-column elementor-element elementor-element-f099545\" data-id=\"f099545\" data-element_type=\"column\" data-e-type=\"column\">\n\t\t\t<div class=\"elementor-widget-wrap elementor-element-populated\">\n\t\t\t\t\t\t<div class=\"elementor-element elementor-element-dbadf82 elementor-widget elementor-widget-text-editor\" data-id=\"dbadf82\" data-element_type=\"widget\" data-e-type=\"widget\" data-widget_type=\"text-editor.default\">\n\t\t\t\t<div class=\"elementor-widget-container\">\n\t\t\t\t\t\t\t\t\t<h2>Z\u00e1sady ochrany osobn\u00edch \u00fadaj\u016f<\/h2><p>Tyto z\u00e1sady ochrany osobn\u00edch \u00fadaj\u016f se t\u00fdkaj\u00ed webov\u00fdch str\u00e1nek stoll-freres.ch.<\/p><p>Ochrana \u00fadaj\u016f je ot\u00e1zkou d\u016fv\u011bry a va\u0161e d\u016fv\u011bra je pro n\u00e1s d\u016fle\u017eit\u00e1. Respektujeme va\u0161e soukrom\u00ed a sna\u017e\u00edme se dodr\u017eovat platn\u00e9 p\u0159edpisy o ochran\u011b osobn\u00edch \u00fadaj\u016f. V n\u011bkolika n\u00ed\u017ee uveden\u00fdch bodech vysv\u011btl\u00edme, jak\u00e9 \u00fadaje shroma\u017e\u010fujeme, jak to d\u011bl\u00e1me a pro\u010d.<\/p><h4>Ochrana \u00fadaj\u016f<\/h4><p>Spole\u010dnost STOLL Fr\u00e8res SA respektuje va\u0161e pr\u00e1va na ochranu osobn\u00edch \u00fadaj\u016f, jak je stanoveno ve \u0161v\u00fdcarsk\u00fdch pr\u00e1vn\u00edch p\u0159edpisech o ochran\u011b osobn\u00edch \u00fadaj\u016f. Ve\u0161ker\u00e9 osobn\u00ed \u00fadaje, kter\u00e9 n\u00e1m m\u016f\u017eete sd\u011blit b\u011bhem n\u00e1v\u0161t\u011bvy na\u0161ich webov\u00fdch str\u00e1nek (nap\u0159. va\u0161e IP adresa, po\u0161tovn\u00ed adresa nebo e-mailov\u00e1 adresa), jsou pou\u017e\u00edv\u00e1ny v\u00fdhradn\u011b pro \u00fa\u010dely z\u00e1kaznick\u00e9ho vztahu, kter\u00fd s v\u00e1mi udr\u017eujeme, a pro poskytov\u00e1n\u00ed konkr\u00e9tn\u00edch slu\u017eeb, kter\u00e9 jste si u n\u00e1s vy\u017e\u00e1dali. Tyto \u00fadaje zpracov\u00e1v\u00e1 a pou\u017e\u00edv\u00e1 spole\u010dnost STOLL Fr\u00e8res SA v souladu se spolkov\u00fdm z\u00e1konem o ochran\u011b osobn\u00edch \u00fadaj\u016f (nLPD).<\/p><h4>Formul\u00e1\u0159e<\/h4><p>Kdy\u017e se zaregistrujete nebo zaregistrujete na na\u0161ich webov\u00fdch str\u00e1nk\u00e1ch stoll-fr\u00e8res.ch nebo k odb\u011bru n\u011bkter\u00e9 z na\u0161ich slu\u017eeb, nebo kdy\u017e po\u017e\u00e1d\u00e1te o zas\u00edl\u00e1n\u00ed na\u0161eho zpravodaje nebo jin\u00fdch informac\u00ed, budete po\u017e\u00e1d\u00e1ni, abyste n\u00e1m poskytli ur\u010dit\u00e9 mno\u017estv\u00ed informac\u00ed, jako jsou va\u0161e osobn\u00ed \u00fadaje, faktura\u010dn\u00ed \u00fadaje nebo identifika\u010dn\u00ed \u00fadaje. M\u016f\u017eete tak\u00e9 zadat dal\u0161\u00ed \u00fadaje. Kdy\u017e n\u00e1s kontaktujete po\u0161tou, e-mailem nebo telefonicky, m\u016f\u017eete n\u00e1m rovn\u011b\u017e sd\u011blit sv\u00e9 osobn\u00ed \u00fadaje. Tyto \u00fadaje podl\u00e9haj\u00ed va\u0161emu svobodn\u00e9mu rozhodnut\u00ed a slou\u017e\u00ed k po\u0161tovn\u00edmu nebo elektronick\u00e9mu zasl\u00e1n\u00ed informac\u00ed, kter\u00e9 jste si od n\u00e1s vy\u017e\u00e1dali, a tak\u00e9 k nav\u00e1z\u00e1n\u00ed a rozvoji obchodn\u00edch vztah\u016f a z\u00e1kaznick\u00e9mu servisu.<\/p><p>Zad\u00e1n\u00edm sv\u00fdch osobn\u00edch \u00fadaj\u016f d\u00e1v\u00e1te spole\u010dnosti STOLL Fr\u00e8res SA souhlas se shroma\u017e\u010fov\u00e1n\u00edm, zpracov\u00e1n\u00edm a pou\u017e\u00edv\u00e1n\u00edm t\u011bchto \u00fadaj\u016f, jak je vysv\u011btleno v\u00fd\u0161e.<\/p><p>Sv\u016fj souhlas se shroma\u017e\u010fov\u00e1n\u00edm, zpracov\u00e1n\u00edm a pou\u017e\u00edv\u00e1n\u00edm osobn\u00edch \u00fadaj\u016f m\u016f\u017eete kdykoli odvolat zasl\u00e1n\u00edm neform\u00e1ln\u00edho dopisu na adresu. <a href=\"mailto:info@stoll-freres.ch\" target=\"_blank\" rel=\"noopener\">info@stoll-freres.ch<\/a>. V takov\u00e9m p\u0159\u00edpad\u011b budou va\u0161e \u00fadaje vymaz\u00e1ny.<\/p><p>Spole\u010dnost STOLL Fr\u00e8res SA nep\u0159ed\u00e1v\u00e1 osobn\u00ed \u00fadaje t\u0159et\u00edm stran\u00e1m, pokud to nen\u00ed v\u00fdslovn\u011b ozn\u00e1meno a pokud jste k tomu nedali sv\u016fj souhlas.<\/p><h4>Soubory cookie<\/h4><p>P\u0159i n\u00e1v\u0161t\u011bv\u011b na\u0161ich webov\u00fdch str\u00e1nek instalujeme \"cookies\", tj. soubory ulo\u017een\u00e9 ve va\u0161em po\u010d\u00edta\u010di, kter\u00e9 n\u00e1m umo\u017e\u0148uj\u00ed analyzovat va\u0161e pou\u017e\u00edv\u00e1n\u00ed na\u0161ich str\u00e1nek a zp\u0159\u00edjemnit v\u00e1m jejich prohl\u00ed\u017een\u00ed. \u017d\u00e1dn\u00fd z t\u011bchto soubor\u016f cookie neobsahuje \u017e\u00e1dn\u00e9 osobn\u00ed \u00fadaje, kter\u00e9 by mohly b\u00fdt pou\u017eity k va\u0161\u00ed identifikaci. P\u0159i prvn\u00ed n\u00e1v\u0161t\u011bv\u011b na\u0161ich str\u00e1nek m\u016f\u017eete soubory cookie odm\u00edtnout nebo si p\u0159izp\u016fsobit sv\u00e9 preference, ale upozor\u0148ujeme, \u017ee pokud tak u\u010din\u00edte, nebudete moci vyu\u017e\u00edvat v\u0161echny funkce str\u00e1nek v pln\u00e9m rozsahu.<\/p>\t\t\t\t\t\t\t\t<\/div>\n\t\t\t\t<\/div>\n\t\t\t\t<div class=\"elementor-element elementor-element-d1c44b2 puces elementor-widget elementor-widget-text-editor\" data-id=\"d1c44b2\" data-element_type=\"widget\" data-e-type=\"widget\" data-widget_type=\"text-editor.default\">\n\t\t\t\t<div class=\"elementor-widget-container\">\n\t\t\t\t\t\t\t\t\t<h2>Slu\u017eby t\u0159et\u00edch stran<\/h2><h4>Hostov\u00e1n\u00ed webov\u00fdch str\u00e1nek<\/h4><p>Na\u0161\u00edm poskytovatelem hostingu je spole\u010dnost Infomaniak Network SA ve \u0160v\u00fdcarsku.<\/p><h4>Analytika<\/h4><p>Na\u0161e webov\u00e9 str\u00e1nky pou\u017e\u00edvaj\u00ed slu\u017ebu Google Analytics. Tento syst\u00e9m umo\u017e\u0148uje prov\u00e1d\u011bt r\u016fzn\u00e9 anal\u00fdzy n\u00e1v\u0161t\u011bvnosti a pou\u017e\u00edv\u00e1n\u00ed na\u0161ich webov\u00fdch str\u00e1nek.<\/p><p>Shrom\u00e1\u017ed\u011bn\u00e9 informace zahrnuj\u00ed va\u0161i IP adresu, konfiguraci (za\u0159\u00edzen\u00ed, prohl\u00ed\u017ee\u010d, rozli\u0161en\u00ed atd.), poskytovatele p\u0159\u00edstupu, nav\u0161t\u00edvenou str\u00e1nku, p\u0159edchoz\u00ed str\u00e1nku a r\u016fzn\u00e9 interakce s na\u0161imi str\u00e1nkami (doba prohl\u00ed\u017een\u00ed, kliknut\u00ed, vypln\u011bn\u00e9 formul\u00e1\u0159e atd.).<\/p><p>Tyto \u00fadaje pou\u017e\u00edv\u00e1me anonymn\u011b (anonymizace IP adres) ke zlep\u0161en\u00ed na\u0161ich slu\u017eeb a nab\u00eddek a k personalizaci obsahu na\u0161ich str\u00e1nek.<\/p><p>Na\u0161\u00edm poskytovatelem slu\u017eeb je americk\u00e1 spole\u010dnost Google LLC. Za u\u017eivatele v Evropsk\u00e9m hospod\u00e1\u0159sk\u00e9m prostoru (EHP) a \u0160v\u00fdcarsku odpov\u00edd\u00e1 irsk\u00e1 spole\u010dnost Google Ireland Limited.<\/p><h4>Mapa Google<\/h4><p>K integraci map do na\u0161ich webov\u00fdch str\u00e1nek pou\u017e\u00edv\u00e1me slu\u017ebu Mapy Google. Mapy Google je slu\u017eba nab\u00edzen\u00e1 americkou spole\u010dnost\u00ed Google LLC. Za u\u017eivatele v Evropsk\u00e9m hospod\u00e1\u0159sk\u00e9m prostoru (EHP) a \u0160v\u00fdcarsku odpov\u00edd\u00e1 irsk\u00e1 spole\u010dnost Google Ireland Limited.<\/p><h4>Doba skladov\u00e1n\u00ed<\/h4><p>Osobn\u00ed \u00fadaje, kter\u00e9 zpracov\u00e1v\u00e1me prost\u0159ednictv\u00edm na\u0161ich str\u00e1nek, se ukl\u00e1daj\u00ed v z\u00e1vislosti na typu \u00fadaj\u016f n\u00e1sledovn\u011b:<\/p><ul><li><strong>Google Analytics:<\/strong> shrom\u00e1\u017ed\u011bn\u00e9 \u00fadaje jsou anonymizovan\u00e9 a stanovili jsme dobu uchov\u00e1v\u00e1n\u00ed 1 rok, 1 m\u011bs\u00edc a 4 dny.<\/li><li>Va\u0161e kontaktn\u00ed \u00fadaje pro zpracov\u00e1n\u00ed objedn\u00e1vek jsou v souladu se \u0161v\u00fdcarsk\u00fdmi p\u0159edpisy uchov\u00e1v\u00e1ny po dobu 10 let.<\/li><\/ul><h4>Kontakt\u00a0<\/h4><p>STOLL Fr\u00e8res SA<br \/>Rue des Uttins 35<br \/>CH-1400 Yverdon-les-Bains<br \/><a href=\"mailto:info@stoll-freres.ch\" target=\"_blank\" rel=\"noopener\">info@stoll-freres.ch<\/a><br \/><a href=\"tel:+41244473535\" target=\"_blank\" rel=\"noopener\">024 447 35 35<\/a><\/p>\t\t\t\t\t\t\t\t<\/div>\n\t\t\t\t<\/div>\n\t\t\t\t<div class=\"elementor-element elementor-element-913ffce elementor-widget-divider--view-line elementor-widget elementor-widget-divider\" data-id=\"913ffce\" data-element_type=\"widget\" data-e-type=\"widget\" data-widget_type=\"divider.default\">\n\t\t\t\t<div class=\"elementor-widget-container\">\n\t\t\t\t\t\t\t<div class=\"elementor-divider\">\n\t\t\t<span class=\"elementor-divider-separator\">\n\t\t\t\t\t\t<\/span>\n\t\t<\/div>\n\t\t\t\t\t\t<\/div>\n\t\t\t\t<\/div>\n\t\t\t\t\t<\/div>\n\t\t<\/div>\n\t\t\t\t\t<\/div>\n\t\t<\/section>\n\t\t\t\t<section class=\"elementor-section elementor-top-section elementor-element elementor-element-29420bb elementor-section-boxed elementor-section-height-default elementor-section-height-default\" data-id=\"29420bb\" data-element_type=\"section\" data-e-type=\"section\">\n\t\t\t\t\t\t<div class=\"elementor-container elementor-column-gap-default\">\n\t\t\t\t\t<div class=\"elementor-column elementor-col-100 elementor-top-column elementor-element elementor-element-79a245f\" data-id=\"79a245f\" data-element_type=\"column\" data-e-type=\"column\">\n\t\t\t<div class=\"elementor-widget-wrap elementor-element-populated\">\n\t\t\t\t\t\t<div class=\"elementor-element elementor-element-09b810e elementor-widget elementor-widget-heading\" data-id=\"09b810e\" data-element_type=\"widget\" data-e-type=\"widget\" data-widget_type=\"heading.default\">\n\t\t\t\t<div class=\"elementor-widget-container\">\n\t\t\t\t\t<h2 class=\"elementor-heading-title elementor-size-default\">Pr\u00e1vn\u00ed informace<\/h2>\t\t\t\t<\/div>\n\t\t\t\t<\/div>\n\t\t\t\t<section class=\"elementor-section elementor-inner-section elementor-element elementor-element-3825469 elementor-section-boxed elementor-section-height-default elementor-section-height-default\" data-id=\"3825469\" data-element_type=\"section\" data-e-type=\"section\">\n\t\t\t\t\t\t<div class=\"elementor-container elementor-column-gap-default\">\n\t\t\t\t\t<div class=\"elementor-column elementor-col-33 elementor-inner-column elementor-element elementor-element-255a7ef\" data-id=\"255a7ef\" data-element_type=\"column\" data-e-type=\"column\">\n\t\t\t<div class=\"elementor-widget-wrap elementor-element-populated\">\n\t\t\t\t\t\t<div class=\"elementor-element elementor-element-218c761 elementor-widget elementor-widget-text-editor\" data-id=\"218c761\" data-element_type=\"widget\" data-e-type=\"widget\" data-widget_type=\"text-editor.default\">\n\t\t\t\t<div class=\"elementor-widget-container\">\n\t\t\t\t\t\t\t\t\t<h4>Editor webov\u00fdch str\u00e1nek<\/h4><p>STOLL Fr\u00e8res SA<br \/>Rue des Uttins 35<br \/>CH-1400 Yverdon-les-Bains<br \/><a href=\"mailto:info@stoll-freres.ch\" target=\"_blank\" rel=\"noopener\">info@stoll-freres.ch<\/a><br \/><a href=\"tel:+41244473535\" target=\"_blank\" rel=\"noopener\">024 447 35 35<\/a><\/p>\t\t\t\t\t\t\t\t<\/div>\n\t\t\t\t<\/div>\n\t\t\t\t\t<\/div>\n\t\t<\/div>\n\t\t\t\t<div class=\"elementor-column elementor-col-33 elementor-inner-column elementor-element elementor-element-8f3afe2\" data-id=\"8f3afe2\" data-element_type=\"column\" data-e-type=\"column\">\n\t\t\t<div class=\"elementor-widget-wrap elementor-element-populated\">\n\t\t\t\t\t\t<div class=\"elementor-element elementor-element-04ebbd1 elementor-widget elementor-widget-text-editor\" data-id=\"04ebbd1\" data-element_type=\"widget\" data-e-type=\"widget\" data-widget_type=\"text-editor.default\">\n\t\t\t\t<div class=\"elementor-widget-container\">\n\t\t\t\t\t\t\t\t\t<h4>Vytvo\u0159en\u00ed webov\u00fdch str\u00e1nek<\/h4><p><a href=\"https:\/\/www.abelocom.ch\/\" target=\"_blank\" rel=\"noopener\">abelocom.ch<\/a><br \/><a href=\"https:\/\/www.zaniah.ch\/\" target=\"_blank\" rel=\"noopener\">zaniah.ch<\/a><\/p>\t\t\t\t\t\t\t\t<\/div>\n\t\t\t\t<\/div>\n\t\t\t\t\t<\/div>\n\t\t<\/div>\n\t\t\t\t<div class=\"elementor-column elementor-col-33 elementor-inner-column elementor-element elementor-element-31f7e7c\" data-id=\"31f7e7c\" data-element_type=\"column\" data-e-type=\"column\">\n\t\t\t<div class=\"elementor-widget-wrap elementor-element-populated\">\n\t\t\t\t\t\t<div class=\"elementor-element elementor-element-fc73e6a elementor-widget elementor-widget-text-editor\" data-id=\"fc73e6a\" data-element_type=\"widget\" data-e-type=\"widget\" data-widget_type=\"text-editor.default\">\n\t\t\t\t<div class=\"elementor-widget-container\">\n\t\t\t\t\t\t\t\t\t<h4>Fotky<\/h4><p>STOLL Fr\u00e8res SA<\/p>\t\t\t\t\t\t\t\t<\/div>\n\t\t\t\t<\/div>\n\t\t\t\t\t<\/div>\n\t\t<\/div>\n\t\t\t\t\t<\/div>\n\t\t<\/section>\n\t\t\t\t\t<\/div>\n\t\t<\/div>\n\t\t\t\t\t<\/div>\n\t\t<\/section>\n\t\t\t\t<\/div>","protected":false},"excerpt":{"rendered":"<p>Confidentialit\u00e9 Mentions l\u00e9gales et confidentialit\u00e9 STOLL Fr\u00e8res SA Politique de confidentialit\u00e9 La pr\u00e9sente politique de confidentialit\u00e9 concerne le site de stoll-freres.ch. La protection des donn\u00e9es est une question de confiance et votre confiance est importante pour nous. Nous respectons votre vie priv\u00e9e et nus nous effor\u00e7ons de nous conformer aux r\u00e8gles sur la protection des [&hellip;]<\/p>\n","protected":false},"author":1,"featured_media":0,"parent":0,"menu_order":0,"comment_status":"closed","ping_status":"closed","template":"","meta":{"footnotes":""},"class_list":["post-994","page","type-page","status-publish","hentry"],"yoast_head":"<!-- This site is optimized with the Yoast SEO plugin v27.6 - https:\/\/yoast.com\/product\/yoast-seo-wordpress\/ -->\n<title>Mentions l\u00e9gales et confidentialit\u00e9 - STOLL Fr\u00e8res SA<\/title>\n<meta name=\"description\" content=\"Cette page pr\u00e9sente les mentions l\u00e9gales et la politique de confidentialit\u00e9 du site internet stoll-freres.ch.\" \/>\n<meta name=\"robots\" content=\"index, follow, max-snippet:-1, max-image-preview:large, max-video-preview:-1\" \/>\n<link rel=\"canonical\" href=\"https:\/\/stoll-freres.ch\/cs\/pravni-informace-a-duvernost\/\" \/>\n<meta property=\"og:locale\" content=\"cs_CZ\" \/>\n<meta property=\"og:type\" content=\"article\" \/>\n<meta property=\"og:title\" content=\"Mentions l\u00e9gales et confidentialit\u00e9 - STOLL Fr\u00e8res SA\" \/>\n<meta property=\"og:description\" content=\"Cette page pr\u00e9sente les mentions l\u00e9gales et la politique de confidentialit\u00e9 du site internet stoll-freres.ch.\" \/>\n<meta property=\"og:url\" content=\"https:\/\/stoll-freres.ch\/cs\/pravni-informace-a-duvernost\/\" \/>\n<meta property=\"og:site_name\" content=\"STOLL Fr\u00e8res SA\" \/>\n<meta property=\"article:modified_time\" content=\"2025-11-25T13:31:39+00:00\" \/>\n<meta name=\"twitter:card\" content=\"summary_large_image\" \/>\n<meta name=\"twitter:label1\" content=\"Odhadovan\u00e1 doba \u010dten\u00ed\" \/>\n\t<meta name=\"twitter:data1\" content=\"4 minuty\" \/>\n<script type=\"application\/ld+json\" class=\"yoast-schema-graph\">{\"@context\":\"https:\\\/\\\/schema.org\",\"@graph\":[{\"@type\":\"WebPage\",\"@id\":\"https:\\\/\\\/stoll-freres.ch\\\/mentions-legales-et-confidentialite\\\/\",\"url\":\"https:\\\/\\\/stoll-freres.ch\\\/mentions-legales-et-confidentialite\\\/\",\"name\":\"Mentions l\u00e9gales et confidentialit\u00e9 - STOLL Fr\u00e8res SA\",\"isPartOf\":{\"@id\":\"https:\\\/\\\/stoll-freres.ch\\\/#website\"},\"datePublished\":\"2025-01-14T14:32:54+00:00\",\"dateModified\":\"2025-11-25T13:31:39+00:00\",\"description\":\"Cette page pr\u00e9sente les mentions l\u00e9gales et la politique de confidentialit\u00e9 du site internet stoll-freres.ch.\",\"breadcrumb\":{\"@id\":\"https:\\\/\\\/stoll-freres.ch\\\/mentions-legales-et-confidentialite\\\/#breadcrumb\"},\"inLanguage\":\"cs\",\"potentialAction\":[{\"@type\":\"ReadAction\",\"target\":[\"https:\\\/\\\/stoll-freres.ch\\\/mentions-legales-et-confidentialite\\\/\"]}]},{\"@type\":\"BreadcrumbList\",\"@id\":\"https:\\\/\\\/stoll-freres.ch\\\/mentions-legales-et-confidentialite\\\/#breadcrumb\",\"itemListElement\":[{\"@type\":\"ListItem\",\"position\":1,\"name\":\"Accueil\",\"item\":\"https:\\\/\\\/stoll-freres.ch\\\/\"},{\"@type\":\"ListItem\",\"position\":2,\"name\":\"Mentions l\u00e9gales et confidentialit\u00e9\"}]},{\"@type\":\"WebSite\",\"@id\":\"https:\\\/\\\/stoll-freres.ch\\\/#website\",\"url\":\"https:\\\/\\\/stoll-freres.ch\\\/\",\"name\":\"STOLL Fr\u00e8res SA\",\"description\":\"Primeurs en gros\",\"publisher\":{\"@id\":\"https:\\\/\\\/stoll-freres.ch\\\/#organization\"},\"potentialAction\":[{\"@type\":\"SearchAction\",\"target\":{\"@type\":\"EntryPoint\",\"urlTemplate\":\"https:\\\/\\\/stoll-freres.ch\\\/?s={search_term_string}\"},\"query-input\":{\"@type\":\"PropertyValueSpecification\",\"valueRequired\":true,\"valueName\":\"search_term_string\"}}],\"inLanguage\":\"cs\"},{\"@type\":\"Organization\",\"@id\":\"https:\\\/\\\/stoll-freres.ch\\\/#organization\",\"name\":\"STOLL Fr\u00e8res SA\",\"url\":\"https:\\\/\\\/stoll-freres.ch\\\/\",\"logo\":{\"@type\":\"ImageObject\",\"inLanguage\":\"cs\",\"@id\":\"https:\\\/\\\/stoll-freres.ch\\\/#\\\/schema\\\/logo\\\/image\\\/\",\"url\":\"https:\\\/\\\/stoll-freres.ch\\\/wp-content\\\/uploads\\\/2024\\\/10\\\/Stoll_Logo.png\",\"contentUrl\":\"https:\\\/\\\/stoll-freres.ch\\\/wp-content\\\/uploads\\\/2024\\\/10\\\/Stoll_Logo.png\",\"width\":800,\"height\":452,\"caption\":\"STOLL Fr\u00e8res SA\"},\"image\":{\"@id\":\"https:\\\/\\\/stoll-freres.ch\\\/#\\\/schema\\\/logo\\\/image\\\/\"}}]}<\/script>\n<!-- \/ Yoast SEO plugin. -->","yoast_head_json":{"title":"Pr\u00e1vn\u00ed informace a d\u016fv\u011brnost - STOLL Fr\u00e8res SA","description":"Tato str\u00e1nka p\u0159edstavuje pr\u00e1vn\u00ed upozorn\u011bn\u00ed a z\u00e1sady ochrany osobn\u00edch \u00fadaj\u016f webov\u00fdch str\u00e1nek stoll-freres.ch.","robots":{"index":"index","follow":"follow","max-snippet":"max-snippet:-1","max-image-preview":"max-image-preview:large","max-video-preview":"max-video-preview:-1"},"canonical":"https:\/\/stoll-freres.ch\/cs\/pravni-informace-a-duvernost\/","og_locale":"cs_CZ","og_type":"article","og_title":"Mentions l\u00e9gales et confidentialit\u00e9 - STOLL Fr\u00e8res SA","og_description":"Cette page pr\u00e9sente les mentions l\u00e9gales et la politique de confidentialit\u00e9 du site internet stoll-freres.ch.","og_url":"https:\/\/stoll-freres.ch\/cs\/pravni-informace-a-duvernost\/","og_site_name":"STOLL Fr\u00e8res SA","article_modified_time":"2025-11-25T13:31:39+00:00","twitter_card":"summary_large_image","twitter_misc":{"Odhadovan\u00e1 doba \u010dten\u00ed":"4 minuty"},"schema":{"@context":"https:\/\/schema.org","@graph":[{"@type":"WebPage","@id":"https:\/\/stoll-freres.ch\/mentions-legales-et-confidentialite\/","url":"https:\/\/stoll-freres.ch\/mentions-legales-et-confidentialite\/","name":"Pr\u00e1vn\u00ed informace a d\u016fv\u011brnost - STOLL Fr\u00e8res SA","isPartOf":{"@id":"https:\/\/stoll-freres.ch\/#website"},"datePublished":"2025-01-14T14:32:54+00:00","dateModified":"2025-11-25T13:31:39+00:00","description":"Tato str\u00e1nka p\u0159edstavuje pr\u00e1vn\u00ed upozorn\u011bn\u00ed a z\u00e1sady ochrany osobn\u00edch \u00fadaj\u016f webov\u00fdch str\u00e1nek stoll-freres.ch.","breadcrumb":{"@id":"https:\/\/stoll-freres.ch\/mentions-legales-et-confidentialite\/#breadcrumb"},"inLanguage":"cs","potentialAction":[{"@type":"ReadAction","target":["https:\/\/stoll-freres.ch\/mentions-legales-et-confidentialite\/"]}]},{"@type":"BreadcrumbList","@id":"https:\/\/stoll-freres.ch\/mentions-legales-et-confidentialite\/#breadcrumb","itemListElement":[{"@type":"ListItem","position":1,"name":"Accueil","item":"https:\/\/stoll-freres.ch\/"},{"@type":"ListItem","position":2,"name":"Mentions l\u00e9gales et confidentialit\u00e9"}]},{"@type":"WebSite","@id":"https:\/\/stoll-freres.ch\/#website","url":"https:\/\/stoll-freres.ch\/","name":"STOLL Fr\u00e8res SA","description":"Primeurs velkoobchod","publisher":{"@id":"https:\/\/stoll-freres.ch\/#organization"},"potentialAction":[{"@type":"SearchAction","target":{"@type":"EntryPoint","urlTemplate":"https:\/\/stoll-freres.ch\/?s={search_term_string}"},"query-input":{"@type":"PropertyValueSpecification","valueRequired":true,"valueName":"search_term_string"}}],"inLanguage":"cs"},{"@type":"Organization","@id":"https:\/\/stoll-freres.ch\/#organization","name":"STOLL Fr\u00e8res SA","url":"https:\/\/stoll-freres.ch\/","logo":{"@type":"ImageObject","inLanguage":"cs","@id":"https:\/\/stoll-freres.ch\/#\/schema\/logo\/image\/","url":"https:\/\/stoll-freres.ch\/wp-content\/uploads\/2024\/10\/Stoll_Logo.png","contentUrl":"https:\/\/stoll-freres.ch\/wp-content\/uploads\/2024\/10\/Stoll_Logo.png","width":800,"height":452,"caption":"STOLL Fr\u00e8res SA"},"image":{"@id":"https:\/\/stoll-freres.ch\/#\/schema\/logo\/image\/"}}]}},"_links":{"self":[{"href":"https:\/\/stoll-freres.ch\/cs\/wp-json\/wp\/v2\/pages\/994","targetHints":{"allow":["GET"]}}],"collection":[{"href":"https:\/\/stoll-freres.ch\/cs\/wp-json\/wp\/v2\/pages"}],"about":[{"href":"https:\/\/stoll-freres.ch\/cs\/wp-json\/wp\/v2\/types\/page"}],"author":[{"embeddable":true,"href":"https:\/\/stoll-freres.ch\/cs\/wp-json\/wp\/v2\/users\/1"}],"replies":[{"embeddable":true,"href":"https:\/\/stoll-freres.ch\/cs\/wp-json\/wp\/v2\/comments?post=994"}],"version-history":[{"count":59,"href":"https:\/\/stoll-freres.ch\/cs\/wp-json\/wp\/v2\/pages\/994\/revisions"}],"predecessor-version":[{"id":1666,"href":"https:\/\/stoll-freres.ch\/cs\/wp-json\/wp\/v2\/pages\/994\/revisions\/1666"}],"wp:attachment":[{"href":"https:\/\/stoll-freres.ch\/cs\/wp-json\/wp\/v2\/media?parent=994"}],"curies":[{"name":"wp","href":"https:\/\/api.w.org\/{rel}","templated":true}]}}